{"id":347,"date":"2017-05-01T18:58:01","date_gmt":"2017-05-01T16:58:01","guid":{"rendered":"https:\/\/fatherheartfrance.com\/?post_type=product&#038;p=347"},"modified":"2025-04-06T17:44:15","modified_gmt":"2025-04-06T15:44:15","slug":"lettre-de-lamour-pere","status":"publish","type":"product","link":"https:\/\/fatherheartfrance.com\/index.php\/produit\/lettre-de-lamour-pere\/","title":{"rendered":"Lettre de l&rsquo;Amour du P\u00e8re"},"content":{"rendered":"","protected":false},"excerpt":{"rendered":"<p>Voici la lettre originale de l&rsquo;Amour du P\u00e8re en version fran\u00e7aise. N&rsquo;h\u00e9sitez pas \u00e0 la gardez pour vous afin de vous en rappeler ou \u00e0 l&rsquo;offrir&#8230;<\/p>\n<p><em>Ce produit se commande par pack (aussi appel\u00e9 \u00ab\u00a0Nombre\u00a0\u00bb) : Vous pouvez choisir d&rsquo;en commander \u00e0 l&rsquo;unit\u00e9 ou par pack de 10.<\/em> <a class=\"more-link\" href=\"https:\/\/fatherheartfrance.com\/index.php\/produit\/lettre-de-lamour-pere\/\">Lire plus &#8230;<\/a><\/p>\n","protected":false},"featured_media":51,"comment_status":"open","ping_status":"closed","template":"","meta":{"_crdt_document":"","_exactmetrics_skip_tracking":false,"_exactmetrics_sitenote_active":false,"_exactmetrics_sitenote_note":"","_exactmetrics_sitenote_category":0},"product_brand":[],"product_cat":[22],"product_tag":[],"class_list":{"0":"post-347","1":"product","2":"type-product","3":"status-publish","4":"has-post-thumbnail","6":"product_cat-cartes-postales","8":"first","9":"instock","10":"shipping-taxable","11":"purchasable","12":"product-type-variable","13":"has-default-attributes"},"yoast_head":"<!-- This site is optimized with the Yoast SEO plugin v27.5 - https:\/\/yoast.com\/product\/yoast-seo-wordpress\/ -->\n<title>Lettre de l&#039;Amour du P\u00e8re - Fatherheart - France<\/title>\n<meta name=\"robots\" content=\"index, follow, max-snippet:-1, max-image-preview:large, max-video-preview:-1\" \/>\n<link rel=\"canonical\" href=\"https:\/\/fatherheartfrance.com\/index.php\/produit\/lettre-de-lamour-pere\/\" \/>\n<meta property=\"og:locale\" content=\"fr_FR\" \/>\n<meta property=\"og:type\" content=\"article\" \/>\n<meta property=\"og:title\" content=\"Lettre de l&#039;Amour du P\u00e8re - Fatherheart - France\" \/>\n<meta property=\"og:description\" content=\"Voici la lettre originale de l&#039;Amour du P\u00e8re en version fran\u00e7aise. N&#039;h\u00e9sitez pas \u00e0 la gardez pour vous afin de vous en rappeler ou \u00e0 l&#039;offrir...  Ce produit se commande par pack (aussi appel\u00e9 &quot;Nombre&quot;) : Vous pouvez choisir d&#039;en commander \u00e0 l&#039;unit\u00e9 ou par pack de 10. Lire plus ...\" \/>\n<meta property=\"og:url\" content=\"https:\/\/fatherheartfrance.com\/index.php\/produit\/lettre-de-lamour-pere\/\" \/>\n<meta property=\"og:site_name\" content=\"Fatherheart - France\" \/>\n<meta property=\"article:publisher\" content=\"https:\/\/www.facebook.com\/ContactFHF\/\" \/>\n<meta property=\"article:modified_time\" content=\"2025-04-06T15:44:15+00:00\" \/>\n<meta property=\"og:image\" content=\"https:\/\/fatherheartfrance.com\/wp-content\/uploads\/2017\/01\/image001-e1483453486495.jpg\" \/>\n\t<meta property=\"og:image:width\" content=\"990\" \/>\n\t<meta property=\"og:image:height\" content=\"890\" \/>\n\t<meta property=\"og:image:type\" content=\"image\/jpeg\" \/>\n<meta name=\"twitter:card\" content=\"summary_large_image\" \/>\n<meta name=\"twitter:label1\" content=\"Dur\u00e9e de lecture estim\u00e9e\" \/>\n\t<meta name=\"twitter:data1\" content=\"1 minute\" \/>\n<script type=\"application\/ld+json\" class=\"yoast-schema-graph\">{\"@context\":\"https:\\\/\\\/schema.org\",\"@graph\":[{\"@type\":\"WebPage\",\"@id\":\"https:\\\/\\\/fatherheartfrance.com\\\/index.php\\\/produit\\\/lettre-de-lamour-pere\\\/\",\"url\":\"https:\\\/\\\/fatherheartfrance.com\\\/index.php\\\/produit\\\/lettre-de-lamour-pere\\\/\",\"name\":\"Lettre de l'Amour du P\u00e8re - Fatherheart - France\",\"isPartOf\":{\"@id\":\"https:\\\/\\\/fatherheartfrance.com\\\/#website\"},\"primaryImageOfPage\":{\"@id\":\"https:\\\/\\\/fatherheartfrance.com\\\/index.php\\\/produit\\\/lettre-de-lamour-pere\\\/#primaryimage\"},\"image\":{\"@id\":\"https:\\\/\\\/fatherheartfrance.com\\\/index.php\\\/produit\\\/lettre-de-lamour-pere\\\/#primaryimage\"},\"thumbnailUrl\":\"https:\\\/\\\/fatherheartfrance.com\\\/wp-content\\\/uploads\\\/2017\\\/01\\\/image001-e1483453486495.jpg\",\"datePublished\":\"2017-05-01T16:58:01+00:00\",\"dateModified\":\"2025-04-06T15:44:15+00:00\",\"breadcrumb\":{\"@id\":\"https:\\\/\\\/fatherheartfrance.com\\\/index.php\\\/produit\\\/lettre-de-lamour-pere\\\/#breadcrumb\"},\"inLanguage\":\"fr-FR\",\"potentialAction\":[{\"@type\":\"ReadAction\",\"target\":[\"https:\\\/\\\/fatherheartfrance.com\\\/index.php\\\/produit\\\/lettre-de-lamour-pere\\\/\"]}]},{\"@type\":\"ImageObject\",\"inLanguage\":\"fr-FR\",\"@id\":\"https:\\\/\\\/fatherheartfrance.com\\\/index.php\\\/produit\\\/lettre-de-lamour-pere\\\/#primaryimage\",\"url\":\"https:\\\/\\\/fatherheartfrance.com\\\/wp-content\\\/uploads\\\/2017\\\/01\\\/image001-e1483453486495.jpg\",\"contentUrl\":\"https:\\\/\\\/fatherheartfrance.com\\\/wp-content\\\/uploads\\\/2017\\\/01\\\/image001-e1483453486495.jpg\",\"width\":990,\"height\":890,\"caption\":\"Carte postale - lettre d'amour du P\u00e8re - Fatherheart France\"},{\"@type\":\"BreadcrumbList\",\"@id\":\"https:\\\/\\\/fatherheartfrance.com\\\/index.php\\\/produit\\\/lettre-de-lamour-pere\\\/#breadcrumb\",\"itemListElement\":[{\"@type\":\"ListItem\",\"position\":1,\"name\":\"Accueil\",\"item\":\"https:\\\/\\\/fatherheartfrance.com\\\/\"},{\"@type\":\"ListItem\",\"position\":2,\"name\":\"Lettre de l&rsquo;Amour du P\u00e8re\"}]},{\"@type\":\"WebSite\",\"@id\":\"https:\\\/\\\/fatherheartfrance.com\\\/#website\",\"url\":\"https:\\\/\\\/fatherheartfrance.com\\\/\",\"name\":\"Fatherheart - France\",\"description\":\"Amour du P\u00e8re\",\"publisher\":{\"@id\":\"https:\\\/\\\/fatherheartfrance.com\\\/#organization\"},\"potentialAction\":[{\"@type\":\"SearchAction\",\"target\":{\"@type\":\"EntryPoint\",\"urlTemplate\":\"https:\\\/\\\/fatherheartfrance.com\\\/?s={search_term_string}\"},\"query-input\":{\"@type\":\"PropertyValueSpecification\",\"valueRequired\":true,\"valueName\":\"search_term_string\"}}],\"inLanguage\":\"fr-FR\"},{\"@type\":\"Organization\",\"@id\":\"https:\\\/\\\/fatherheartfrance.com\\\/#organization\",\"name\":\"fatherheartfrance\",\"url\":\"https:\\\/\\\/fatherheartfrance.com\\\/\",\"logo\":{\"@type\":\"ImageObject\",\"inLanguage\":\"fr-FR\",\"@id\":\"https:\\\/\\\/fatherheartfrance.com\\\/#\\\/schema\\\/logo\\\/image\\\/\",\"url\":\"https:\\\/\\\/fatherheartfrance.com\\\/wp-content\\\/uploads\\\/2017\\\/02\\\/logo-3-e1488034589841.png\",\"contentUrl\":\"https:\\\/\\\/fatherheartfrance.com\\\/wp-content\\\/uploads\\\/2017\\\/02\\\/logo-3-e1488034589841.png\",\"width\":300,\"height\":82,\"caption\":\"fatherheartfrance\"},\"image\":{\"@id\":\"https:\\\/\\\/fatherheartfrance.com\\\/#\\\/schema\\\/logo\\\/image\\\/\"},\"sameAs\":[\"https:\\\/\\\/www.facebook.com\\\/ContactFHF\\\/\"]}]}<\/script>\n<!-- \/ Yoast SEO plugin. -->","yoast_head_json":{"title":"Lettre de l'Amour du P\u00e8re - Fatherheart - France","robots":{"index":"index","follow":"follow","max-snippet":"max-snippet:-1","max-image-preview":"max-image-preview:large","max-video-preview":"max-video-preview:-1"},"canonical":"https:\/\/fatherheartfrance.com\/index.php\/produit\/lettre-de-lamour-pere\/","og_locale":"fr_FR","og_type":"article","og_title":"Lettre de l'Amour du P\u00e8re - Fatherheart - France","og_description":"Voici la lettre originale de l'Amour du P\u00e8re en version fran\u00e7aise. N'h\u00e9sitez pas \u00e0 la gardez pour vous afin de vous en rappeler ou \u00e0 l'offrir...  Ce produit se commande par pack (aussi appel\u00e9 \"Nombre\") : Vous pouvez choisir d'en commander \u00e0 l'unit\u00e9 ou par pack de 10. Lire plus ...","og_url":"https:\/\/fatherheartfrance.com\/index.php\/produit\/lettre-de-lamour-pere\/","og_site_name":"Fatherheart - France","article_publisher":"https:\/\/www.facebook.com\/ContactFHF\/","article_modified_time":"2025-04-06T15:44:15+00:00","og_image":[{"width":990,"height":890,"url":"https:\/\/fatherheartfrance.com\/wp-content\/uploads\/2017\/01\/image001-e1483453486495.jpg","type":"image\/jpeg"}],"twitter_card":"summary_large_image","twitter_misc":{"Dur\u00e9e de lecture estim\u00e9e":"1 minute"},"schema":{"@context":"https:\/\/schema.org","@graph":[{"@type":"WebPage","@id":"https:\/\/fatherheartfrance.com\/index.php\/produit\/lettre-de-lamour-pere\/","url":"https:\/\/fatherheartfrance.com\/index.php\/produit\/lettre-de-lamour-pere\/","name":"Lettre de l'Amour du P\u00e8re - Fatherheart - France","isPartOf":{"@id":"https:\/\/fatherheartfrance.com\/#website"},"primaryImageOfPage":{"@id":"https:\/\/fatherheartfrance.com\/index.php\/produit\/lettre-de-lamour-pere\/#primaryimage"},"image":{"@id":"https:\/\/fatherheartfrance.com\/index.php\/produit\/lettre-de-lamour-pere\/#primaryimage"},"thumbnailUrl":"https:\/\/fatherheartfrance.com\/wp-content\/uploads\/2017\/01\/image001-e1483453486495.jpg","datePublished":"2017-05-01T16:58:01+00:00","dateModified":"2025-04-06T15:44:15+00:00","breadcrumb":{"@id":"https:\/\/fatherheartfrance.com\/index.php\/produit\/lettre-de-lamour-pere\/#breadcrumb"},"inLanguage":"fr-FR","potentialAction":[{"@type":"ReadAction","target":["https:\/\/fatherheartfrance.com\/index.php\/produit\/lettre-de-lamour-pere\/"]}]},{"@type":"ImageObject","inLanguage":"fr-FR","@id":"https:\/\/fatherheartfrance.com\/index.php\/produit\/lettre-de-lamour-pere\/#primaryimage","url":"https:\/\/fatherheartfrance.com\/wp-content\/uploads\/2017\/01\/image001-e1483453486495.jpg","contentUrl":"https:\/\/fatherheartfrance.com\/wp-content\/uploads\/2017\/01\/image001-e1483453486495.jpg","width":990,"height":890,"caption":"Carte postale - lettre d'amour du P\u00e8re - Fatherheart France"},{"@type":"BreadcrumbList","@id":"https:\/\/fatherheartfrance.com\/index.php\/produit\/lettre-de-lamour-pere\/#breadcrumb","itemListElement":[{"@type":"ListItem","position":1,"name":"Accueil","item":"https:\/\/fatherheartfrance.com\/"},{"@type":"ListItem","position":2,"name":"Lettre de l&rsquo;Amour du P\u00e8re"}]},{"@type":"WebSite","@id":"https:\/\/fatherheartfrance.com\/#website","url":"https:\/\/fatherheartfrance.com\/","name":"Fatherheart - France","description":"Amour du P\u00e8re","publisher":{"@id":"https:\/\/fatherheartfrance.com\/#organization"},"potentialAction":[{"@type":"SearchAction","target":{"@type":"EntryPoint","urlTemplate":"https:\/\/fatherheartfrance.com\/?s={search_term_string}"},"query-input":{"@type":"PropertyValueSpecification","valueRequired":true,"valueName":"search_term_string"}}],"inLanguage":"fr-FR"},{"@type":"Organization","@id":"https:\/\/fatherheartfrance.com\/#organization","name":"fatherheartfrance","url":"https:\/\/fatherheartfrance.com\/","logo":{"@type":"ImageObject","inLanguage":"fr-FR","@id":"https:\/\/fatherheartfrance.com\/#\/schema\/logo\/image\/","url":"https:\/\/fatherheartfrance.com\/wp-content\/uploads\/2017\/02\/logo-3-e1488034589841.png","contentUrl":"https:\/\/fatherheartfrance.com\/wp-content\/uploads\/2017\/02\/logo-3-e1488034589841.png","width":300,"height":82,"caption":"fatherheartfrance"},"image":{"@id":"https:\/\/fatherheartfrance.com\/#\/schema\/logo\/image\/"},"sameAs":["https:\/\/www.facebook.com\/ContactFHF\/"]}]}},"_links":{"self":[{"href":"https:\/\/fatherheartfrance.com\/index.php\/wp-json\/wp\/v2\/product\/347","targetHints":{"allow":["GET"]}}],"collection":[{"href":"https:\/\/fatherheartfrance.com\/index.php\/wp-json\/wp\/v2\/product"}],"about":[{"href":"https:\/\/fatherheartfrance.com\/index.php\/wp-json\/wp\/v2\/types\/product"}],"replies":[{"embeddable":true,"href":"https:\/\/fatherheartfrance.com\/index.php\/wp-json\/wp\/v2\/comments?post=347"}],"wp:featuredmedia":[{"embeddable":true,"href":"https:\/\/fatherheartfrance.com\/index.php\/wp-json\/wp\/v2\/media\/51"}],"wp:attachment":[{"href":"https:\/\/fatherheartfrance.com\/index.php\/wp-json\/wp\/v2\/media?parent=347"}],"wp:term":[{"taxonomy":"product_brand","embeddable":true,"href":"https:\/\/fatherheartfrance.com\/index.php\/wp-json\/wp\/v2\/product_brand?post=347"},{"taxonomy":"product_cat","embeddable":true,"href":"https:\/\/fatherheartfrance.com\/index.php\/wp-json\/wp\/v2\/product_cat?post=347"},{"taxonomy":"product_tag","embeddable":true,"href":"https:\/\/fatherheartfrance.com\/index.php\/wp-json\/wp\/v2\/product_tag?post=347"}],"curies":[{"name":"wp","href":"https:\/\/api.w.org\/{rel}","templated":true}]}}