{"id":2146,"date":"2025-03-17T22:32:31","date_gmt":"2025-03-17T21:32:31","guid":{"rendered":"https:\/\/fatherheartfrance.com\/?post_type=product&#038;p=2146"},"modified":"2025-03-17T22:39:39","modified_gmt":"2025-03-17T21:39:39","slug":"livre-lancienne-voie-retrouvee","status":"publish","type":"product","link":"https:\/\/fatherheartfrance.com\/index.php\/produit\/livre-lancienne-voie-retrouvee\/","title":{"rendered":"Livre \u00ab\u00a0L&rsquo;ANCIENNE VOIE&#8230; Retrouv\u00e9e"},"content":{"rendered":"<p>Pour soutenir Fatherheart-France, Possibilit\u00e9 de commander sur le site (18\u20ac l&rsquo;un + 3,8\u20ac de frais de port, prix sp\u00e9cial pour plusieurs &#8211; merci de nous contacter)<\/p>\n<p>Le dernier livre de James Jordan \u00ab\u00a0L&rsquo;ancienne Voie Retrouv\u00e9e\u00a0\u00bb est enfin traduit en fran\u00e7ais.<\/p>\n<div class=\"page\" title=\"Page 1\">\n<div class=\"section\">\n<div class=\"layoutArea\">\n<div class=\"column\">\n<p>L\u2019Ancienne Voie Retrouv\u00e9e, est un regard incisif sur ce qui a mal tourn\u00e9 dans notre exp\u00e9rience chr\u00e9tienne. Pourquoi tant de personnes quittent-elles le minist\u00e8re chr\u00e9tien et perdent-elles la foi \u00e0 cause de burn out ? Y a-t-il quelque chose qui ne va pas dans l\u2019\u00e9vangile qui nous a \u00e9t\u00e9 pr\u00each\u00e9 ? Le mot \u00ab \u00e9vangile \u00bb signifie \u00ab bonne nouvelle \u00bb. Une grande partie de ce qui a \u00e9t\u00e9 pr\u00e9sent\u00e9 comme l\u2019\u00c9vangile s\u2019est av\u00e9r\u00e9 \u00eatre le contraire d\u2019une bonne nouvelle pour de nombreux chr\u00e9tiens. Beaucoup se sont \u00e9loign\u00e9s de la foi et beaucoup sont \u00e9puis\u00e9s et s\u2019effondrent en burn out.<\/p>\n<p>Ce livre pr\u00e9sente l\u2019\u00c9vangile comme une v\u00e9ritable bonne nouvelle. Il s\u2019agit d\u2019un appel proph\u00e9tique au Corps de Christ pour lui annoncer qu\u2019un jour nouveau se l\u00e8ve. Alors que la substance de l\u2019amour du P\u00e8re balaie l\u2019\u00c9glise, elle apporte une perspective radicalement diff\u00e9rente qui remet en question les normes accept\u00e9es de ce que nous savons \u00eatre le christianisme. Elle apporte la formidable libert\u00e9 de l\u2019\u00c9vangile qui a \u00e9t\u00e9 pr\u00each\u00e9 pour la premi\u00e8re fois par les ap\u00f4tres et l\u2019\u00c9glise primitive.<\/p>\n<\/div>\n<\/div>\n<\/div>\n<\/div>\n","protected":false},"excerpt":{"rendered":"<p>Le dernier livre de James Jordan \u00ab\u00a0L&rsquo;ancienne Voie Retrouv\u00e9e\u00a0\u00bb est enfin traduit en fran\u00e7ais.<\/p>\n<div class=\"page\" title=\"Page 1\">\n<div class=\"section\">\n<div class=\"layoutArea\">\n<div class=\"column\">\n<p>L\u2019Ancienne Voie Retrouv\u00e9e, est un regard incisif sur ce qui a mal tourn\u00e9 dans notre exp\u00e9rience chr\u00e9tienne. Pourquoi tant de personnes quittent-elles le minist\u00e8re chr\u00e9tien et perdent-elles la foi \u00e0 cause de burn out ? Y a-t-il quelque chose qui ne va pas dans l\u2019\u00e9vangile qui nous a \u00e9t\u00e9 pr\u00each\u00e9 ? Le mot \u00ab \u00e9vangile \u00bb signifie \u00ab bonne nouvelle \u00bb. Une grande partie de ce qui a \u00e9t\u00e9 pr\u00e9sent\u00e9 comme l\u2019\u00c9vangile s\u2019est av\u00e9r\u00e9 \u00eatre le contraire d\u2019une bonne nouvelle pour de nombreux chr\u00e9tiens. Beaucoup se sont \u00e9loign\u00e9s de la foi et beaucoup sont \u00e9puis\u00e9s et s\u2019effondrent en burn out.<\/p>\n<p>Ce livre pr\u00e9sente l\u2019\u00c9vangile comme une v\u00e9ritable bonne nouvelle. Il s\u2019agit d\u2019un appel proph\u00e9tique au Corps de Christ pour lui annoncer qu\u2019un jour nouveau se l\u00e8ve. Alors que la substance de l\u2019amour du P\u00e8re balaie l\u2019\u00c9glise, elle apporte une perspective radicalement diff\u00e9rente qui remet en question les normes accept\u00e9es de ce que nous savons \u00eatre le christianisme. Elle apporte la formidable libert\u00e9 de l\u2019\u00c9vangile qui a \u00e9t\u00e9 pr\u00each\u00e9 pour la premi\u00e8re fois par les ap\u00f4tres et l\u2019\u00c9glise primitive.<\/p>\n<\/div>\n[caption id=\"attachment_2147\" align=\"alignnone\" width=\"195\"]<img loading=\"lazy\" decoding=\"async\" class=\"size-medium wp-image-2147\" src=\"https:\/\/fatherheartfrance.com\/wp-content\/uploads\/2025\/03\/AncienneVoieRetrouvee-195x300.jpg\" alt=\"Livre l'Ancienne Voie Retrouv\u00e9e\" width=\"195\" height=\"300\" srcset=\"https:\/\/fatherheartfrance.com\/wp-content\/uploads\/2025\/03\/AncienneVoieRetrouvee-195x300.jpg 195w, https:\/\/fatherheartfrance.com\/wp-content\/uploads\/2025\/03\/AncienneVoieRetrouvee-664x1024.jpg 664w, https:\/\/fatherheartfrance.com\/wp-content\/uploads\/2025\/03\/AncienneVoieRetrouvee-768x1184.jpg 768w, https:\/\/fatherheartfrance.com\/wp-content\/uploads\/2025\/03\/AncienneVoieRetrouvee-300x462.jpg 300w, https:\/\/fatherheartfrance.com\/wp-content\/uploads\/2025\/03\/AncienneVoieRetrouvee-600x925.jpg 600w, https:\/\/fatherheartfrance.com\/wp-content\/uploads\/2025\/03\/AncienneVoieRetrouvee.jpg 973w\" sizes=\"auto, (max-width: 195px) 100vw, 195px\" \/> Livre l&rsquo;Ancienne Voie Retrouv\u00e9e[\/caption]\n<\/div>\n<\/div>\n<\/div>\n<p> <a class=\"more-link\" href=\"https:\/\/fatherheartfrance.com\/index.php\/produit\/livre-lancienne-voie-retrouvee\/\">Lire plus &#8230;<\/a><\/p>\n","protected":false},"featured_media":2147,"comment_status":"open","ping_status":"closed","template":"","meta":{"_crdt_document":"","_exactmetrics_skip_tracking":false,"_exactmetrics_sitenote_active":false,"_exactmetrics_sitenote_note":"","_exactmetrics_sitenote_category":0},"product_brand":[],"product_cat":[29],"product_tag":[],"class_list":{"0":"post-2146","1":"product","2":"type-product","3":"status-publish","4":"has-post-thumbnail","6":"product_cat-livres","8":"first","9":"instock","10":"shipping-taxable","11":"purchasable","12":"product-type-simple"},"yoast_head":"<!-- This site is optimized with the Yoast SEO plugin v27.5 - https:\/\/yoast.com\/product\/yoast-seo-wordpress\/ -->\n<title>Livre &quot;L&#039;ANCIENNE VOIE... Retrouv\u00e9e - Fatherheart - France<\/title>\n<meta name=\"robots\" content=\"index, follow, max-snippet:-1, max-image-preview:large, max-video-preview:-1\" \/>\n<link rel=\"canonical\" href=\"https:\/\/fatherheartfrance.com\/index.php\/produit\/livre-lancienne-voie-retrouvee\/\" \/>\n<meta property=\"og:locale\" content=\"fr_FR\" \/>\n<meta property=\"og:type\" content=\"article\" \/>\n<meta property=\"og:title\" content=\"Livre &quot;L&#039;ANCIENNE VOIE... Retrouv\u00e9e - Fatherheart - France\" \/>\n<meta property=\"og:description\" content=\"Le dernier livre de James Jordan &quot;L&#039;ancienne Voie Retrouv\u00e9e&quot; est enfin traduit en fran\u00e7ais.      L\u2019Ancienne Voie Retrouv\u00e9e, est un regard incisif sur ce qui a mal tourn\u00e9 dans notre exp\u00e9rience chr\u00e9tienne. Pourquoi tant de personnes quittent-elles le minist\u00e8re chr\u00e9tien et perdent-elles la foi \u00e0 cause de burn out ? Y a-t-il quelque chose qui ne va pas dans l\u2019\u00e9vangile qui nous a \u00e9t\u00e9 pr\u00each\u00e9 ? Le mot \u00ab \u00e9vangile \u00bb signifie \u00ab bonne nouvelle \u00bb. Une grande partie de ce qui a \u00e9t\u00e9 pr\u00e9sent\u00e9 comme l\u2019\u00c9vangile s\u2019est av\u00e9r\u00e9 \u00eatre le contraire d\u2019une bonne nouvelle pour de nombreux chr\u00e9tiens. Beaucoup se sont \u00e9loign\u00e9s de la foi et beaucoup sont \u00e9puis\u00e9s et s\u2019effondrent en burn out.  Ce livre pr\u00e9sente l\u2019\u00c9vangile comme une v\u00e9ritable bonne nouvelle. Il s\u2019agit d\u2019un appel proph\u00e9tique au Corps de Christ pour lui annoncer qu\u2019un jour nouveau se l\u00e8ve. Alors que la substance de l\u2019amour du P\u00e8re balaie l\u2019\u00c9glise, elle apporte une perspective radicalement diff\u00e9rente qui remet en question les normes accept\u00e9es de ce que nous savons \u00eatre le christianisme. Elle apporte la formidable libert\u00e9 de l\u2019\u00c9vangile qui a \u00e9t\u00e9 pr\u00each\u00e9 pour la premi\u00e8re fois par les ap\u00f4tres et l\u2019\u00c9glise primitive.         Lire plus ...\" \/>\n<meta property=\"og:url\" content=\"https:\/\/fatherheartfrance.com\/index.php\/produit\/livre-lancienne-voie-retrouvee\/\" \/>\n<meta property=\"og:site_name\" content=\"Fatherheart - France\" \/>\n<meta property=\"article:publisher\" content=\"https:\/\/www.facebook.com\/ContactFHF\/\" \/>\n<meta property=\"article:modified_time\" content=\"2025-03-17T21:39:39+00:00\" \/>\n<meta property=\"og:image\" content=\"https:\/\/fatherheartfrance.com\/wp-content\/uploads\/2025\/03\/AncienneVoieRetrouvee.jpg\" \/>\n\t<meta property=\"og:image:width\" content=\"973\" \/>\n\t<meta property=\"og:image:height\" content=\"1500\" \/>\n\t<meta property=\"og:image:type\" content=\"image\/jpeg\" \/>\n<meta name=\"twitter:card\" content=\"summary_large_image\" \/>\n<meta name=\"twitter:label1\" content=\"Dur\u00e9e de lecture estim\u00e9e\" \/>\n\t<meta name=\"twitter:data1\" content=\"2 minutes\" \/>\n<script type=\"application\/ld+json\" class=\"yoast-schema-graph\">{\"@context\":\"https:\\\/\\\/schema.org\",\"@graph\":[{\"@type\":\"WebPage\",\"@id\":\"https:\\\/\\\/fatherheartfrance.com\\\/index.php\\\/produit\\\/livre-lancienne-voie-retrouvee\\\/\",\"url\":\"https:\\\/\\\/fatherheartfrance.com\\\/index.php\\\/produit\\\/livre-lancienne-voie-retrouvee\\\/\",\"name\":\"Livre \\\"L'ANCIENNE VOIE... Retrouv\u00e9e - Fatherheart - France\",\"isPartOf\":{\"@id\":\"https:\\\/\\\/fatherheartfrance.com\\\/#website\"},\"primaryImageOfPage\":{\"@id\":\"https:\\\/\\\/fatherheartfrance.com\\\/index.php\\\/produit\\\/livre-lancienne-voie-retrouvee\\\/#primaryimage\"},\"image\":{\"@id\":\"https:\\\/\\\/fatherheartfrance.com\\\/index.php\\\/produit\\\/livre-lancienne-voie-retrouvee\\\/#primaryimage\"},\"thumbnailUrl\":\"https:\\\/\\\/fatherheartfrance.com\\\/wp-content\\\/uploads\\\/2025\\\/03\\\/AncienneVoieRetrouvee.jpg\",\"datePublished\":\"2025-03-17T21:32:31+00:00\",\"dateModified\":\"2025-03-17T21:39:39+00:00\",\"breadcrumb\":{\"@id\":\"https:\\\/\\\/fatherheartfrance.com\\\/index.php\\\/produit\\\/livre-lancienne-voie-retrouvee\\\/#breadcrumb\"},\"inLanguage\":\"fr-FR\",\"potentialAction\":[{\"@type\":\"ReadAction\",\"target\":[\"https:\\\/\\\/fatherheartfrance.com\\\/index.php\\\/produit\\\/livre-lancienne-voie-retrouvee\\\/\"]}]},{\"@type\":\"ImageObject\",\"inLanguage\":\"fr-FR\",\"@id\":\"https:\\\/\\\/fatherheartfrance.com\\\/index.php\\\/produit\\\/livre-lancienne-voie-retrouvee\\\/#primaryimage\",\"url\":\"https:\\\/\\\/fatherheartfrance.com\\\/wp-content\\\/uploads\\\/2025\\\/03\\\/AncienneVoieRetrouvee.jpg\",\"contentUrl\":\"https:\\\/\\\/fatherheartfrance.com\\\/wp-content\\\/uploads\\\/2025\\\/03\\\/AncienneVoieRetrouvee.jpg\",\"width\":973,\"height\":1500,\"caption\":\"Livre l'Ancienne Voie Retrouv\u00e9e\"},{\"@type\":\"BreadcrumbList\",\"@id\":\"https:\\\/\\\/fatherheartfrance.com\\\/index.php\\\/produit\\\/livre-lancienne-voie-retrouvee\\\/#breadcrumb\",\"itemListElement\":[{\"@type\":\"ListItem\",\"position\":1,\"name\":\"Accueil\",\"item\":\"https:\\\/\\\/fatherheartfrance.com\\\/\"},{\"@type\":\"ListItem\",\"position\":2,\"name\":\"Livre \u00ab\u00a0L&rsquo;ANCIENNE VOIE&#8230; Retrouv\u00e9e\"}]},{\"@type\":\"WebSite\",\"@id\":\"https:\\\/\\\/fatherheartfrance.com\\\/#website\",\"url\":\"https:\\\/\\\/fatherheartfrance.com\\\/\",\"name\":\"Fatherheart - France\",\"description\":\"Amour du P\u00e8re\",\"publisher\":{\"@id\":\"https:\\\/\\\/fatherheartfrance.com\\\/#organization\"},\"potentialAction\":[{\"@type\":\"SearchAction\",\"target\":{\"@type\":\"EntryPoint\",\"urlTemplate\":\"https:\\\/\\\/fatherheartfrance.com\\\/?s={search_term_string}\"},\"query-input\":{\"@type\":\"PropertyValueSpecification\",\"valueRequired\":true,\"valueName\":\"search_term_string\"}}],\"inLanguage\":\"fr-FR\"},{\"@type\":\"Organization\",\"@id\":\"https:\\\/\\\/fatherheartfrance.com\\\/#organization\",\"name\":\"fatherheartfrance\",\"url\":\"https:\\\/\\\/fatherheartfrance.com\\\/\",\"logo\":{\"@type\":\"ImageObject\",\"inLanguage\":\"fr-FR\",\"@id\":\"https:\\\/\\\/fatherheartfrance.com\\\/#\\\/schema\\\/logo\\\/image\\\/\",\"url\":\"https:\\\/\\\/fatherheartfrance.com\\\/wp-content\\\/uploads\\\/2017\\\/02\\\/logo-3-e1488034589841.png\",\"contentUrl\":\"https:\\\/\\\/fatherheartfrance.com\\\/wp-content\\\/uploads\\\/2017\\\/02\\\/logo-3-e1488034589841.png\",\"width\":300,\"height\":82,\"caption\":\"fatherheartfrance\"},\"image\":{\"@id\":\"https:\\\/\\\/fatherheartfrance.com\\\/#\\\/schema\\\/logo\\\/image\\\/\"},\"sameAs\":[\"https:\\\/\\\/www.facebook.com\\\/ContactFHF\\\/\"]}]}<\/script>\n<!-- \/ Yoast SEO plugin. -->","yoast_head_json":{"title":"Livre \"L'ANCIENNE VOIE... Retrouv\u00e9e - Fatherheart - France","robots":{"index":"index","follow":"follow","max-snippet":"max-snippet:-1","max-image-preview":"max-image-preview:large","max-video-preview":"max-video-preview:-1"},"canonical":"https:\/\/fatherheartfrance.com\/index.php\/produit\/livre-lancienne-voie-retrouvee\/","og_locale":"fr_FR","og_type":"article","og_title":"Livre \"L'ANCIENNE VOIE... Retrouv\u00e9e - Fatherheart - France","og_description":"Le dernier livre de James Jordan \"L'ancienne Voie Retrouv\u00e9e\" est enfin traduit en fran\u00e7ais.      L\u2019Ancienne Voie Retrouv\u00e9e, est un regard incisif sur ce qui a mal tourn\u00e9 dans notre exp\u00e9rience chr\u00e9tienne. Pourquoi tant de personnes quittent-elles le minist\u00e8re chr\u00e9tien et perdent-elles la foi \u00e0 cause de burn out ? Y a-t-il quelque chose qui ne va pas dans l\u2019\u00e9vangile qui nous a \u00e9t\u00e9 pr\u00each\u00e9 ? Le mot \u00ab \u00e9vangile \u00bb signifie \u00ab bonne nouvelle \u00bb. Une grande partie de ce qui a \u00e9t\u00e9 pr\u00e9sent\u00e9 comme l\u2019\u00c9vangile s\u2019est av\u00e9r\u00e9 \u00eatre le contraire d\u2019une bonne nouvelle pour de nombreux chr\u00e9tiens. Beaucoup se sont \u00e9loign\u00e9s de la foi et beaucoup sont \u00e9puis\u00e9s et s\u2019effondrent en burn out.  Ce livre pr\u00e9sente l\u2019\u00c9vangile comme une v\u00e9ritable bonne nouvelle. Il s\u2019agit d\u2019un appel proph\u00e9tique au Corps de Christ pour lui annoncer qu\u2019un jour nouveau se l\u00e8ve. Alors que la substance de l\u2019amour du P\u00e8re balaie l\u2019\u00c9glise, elle apporte une perspective radicalement diff\u00e9rente qui remet en question les normes accept\u00e9es de ce que nous savons \u00eatre le christianisme. Elle apporte la formidable libert\u00e9 de l\u2019\u00c9vangile qui a \u00e9t\u00e9 pr\u00each\u00e9 pour la premi\u00e8re fois par les ap\u00f4tres et l\u2019\u00c9glise primitive.         Lire plus ...","og_url":"https:\/\/fatherheartfrance.com\/index.php\/produit\/livre-lancienne-voie-retrouvee\/","og_site_name":"Fatherheart - France","article_publisher":"https:\/\/www.facebook.com\/ContactFHF\/","article_modified_time":"2025-03-17T21:39:39+00:00","og_image":[{"width":973,"height":1500,"url":"https:\/\/fatherheartfrance.com\/wp-content\/uploads\/2025\/03\/AncienneVoieRetrouvee.jpg","type":"image\/jpeg"}],"twitter_card":"summary_large_image","twitter_misc":{"Dur\u00e9e de lecture estim\u00e9e":"2 minutes"},"schema":{"@context":"https:\/\/schema.org","@graph":[{"@type":"WebPage","@id":"https:\/\/fatherheartfrance.com\/index.php\/produit\/livre-lancienne-voie-retrouvee\/","url":"https:\/\/fatherheartfrance.com\/index.php\/produit\/livre-lancienne-voie-retrouvee\/","name":"Livre \"L'ANCIENNE VOIE... Retrouv\u00e9e - Fatherheart - France","isPartOf":{"@id":"https:\/\/fatherheartfrance.com\/#website"},"primaryImageOfPage":{"@id":"https:\/\/fatherheartfrance.com\/index.php\/produit\/livre-lancienne-voie-retrouvee\/#primaryimage"},"image":{"@id":"https:\/\/fatherheartfrance.com\/index.php\/produit\/livre-lancienne-voie-retrouvee\/#primaryimage"},"thumbnailUrl":"https:\/\/fatherheartfrance.com\/wp-content\/uploads\/2025\/03\/AncienneVoieRetrouvee.jpg","datePublished":"2025-03-17T21:32:31+00:00","dateModified":"2025-03-17T21:39:39+00:00","breadcrumb":{"@id":"https:\/\/fatherheartfrance.com\/index.php\/produit\/livre-lancienne-voie-retrouvee\/#breadcrumb"},"inLanguage":"fr-FR","potentialAction":[{"@type":"ReadAction","target":["https:\/\/fatherheartfrance.com\/index.php\/produit\/livre-lancienne-voie-retrouvee\/"]}]},{"@type":"ImageObject","inLanguage":"fr-FR","@id":"https:\/\/fatherheartfrance.com\/index.php\/produit\/livre-lancienne-voie-retrouvee\/#primaryimage","url":"https:\/\/fatherheartfrance.com\/wp-content\/uploads\/2025\/03\/AncienneVoieRetrouvee.jpg","contentUrl":"https:\/\/fatherheartfrance.com\/wp-content\/uploads\/2025\/03\/AncienneVoieRetrouvee.jpg","width":973,"height":1500,"caption":"Livre l'Ancienne Voie Retrouv\u00e9e"},{"@type":"BreadcrumbList","@id":"https:\/\/fatherheartfrance.com\/index.php\/produit\/livre-lancienne-voie-retrouvee\/#breadcrumb","itemListElement":[{"@type":"ListItem","position":1,"name":"Accueil","item":"https:\/\/fatherheartfrance.com\/"},{"@type":"ListItem","position":2,"name":"Livre \u00ab\u00a0L&rsquo;ANCIENNE VOIE&#8230; Retrouv\u00e9e"}]},{"@type":"WebSite","@id":"https:\/\/fatherheartfrance.com\/#website","url":"https:\/\/fatherheartfrance.com\/","name":"Fatherheart - France","description":"Amour du P\u00e8re","publisher":{"@id":"https:\/\/fatherheartfrance.com\/#organization"},"potentialAction":[{"@type":"SearchAction","target":{"@type":"EntryPoint","urlTemplate":"https:\/\/fatherheartfrance.com\/?s={search_term_string}"},"query-input":{"@type":"PropertyValueSpecification","valueRequired":true,"valueName":"search_term_string"}}],"inLanguage":"fr-FR"},{"@type":"Organization","@id":"https:\/\/fatherheartfrance.com\/#organization","name":"fatherheartfrance","url":"https:\/\/fatherheartfrance.com\/","logo":{"@type":"ImageObject","inLanguage":"fr-FR","@id":"https:\/\/fatherheartfrance.com\/#\/schema\/logo\/image\/","url":"https:\/\/fatherheartfrance.com\/wp-content\/uploads\/2017\/02\/logo-3-e1488034589841.png","contentUrl":"https:\/\/fatherheartfrance.com\/wp-content\/uploads\/2017\/02\/logo-3-e1488034589841.png","width":300,"height":82,"caption":"fatherheartfrance"},"image":{"@id":"https:\/\/fatherheartfrance.com\/#\/schema\/logo\/image\/"},"sameAs":["https:\/\/www.facebook.com\/ContactFHF\/"]}]}},"_links":{"self":[{"href":"https:\/\/fatherheartfrance.com\/index.php\/wp-json\/wp\/v2\/product\/2146","targetHints":{"allow":["GET"]}}],"collection":[{"href":"https:\/\/fatherheartfrance.com\/index.php\/wp-json\/wp\/v2\/product"}],"about":[{"href":"https:\/\/fatherheartfrance.com\/index.php\/wp-json\/wp\/v2\/types\/product"}],"replies":[{"embeddable":true,"href":"https:\/\/fatherheartfrance.com\/index.php\/wp-json\/wp\/v2\/comments?post=2146"}],"wp:featuredmedia":[{"embeddable":true,"href":"https:\/\/fatherheartfrance.com\/index.php\/wp-json\/wp\/v2\/media\/2147"}],"wp:attachment":[{"href":"https:\/\/fatherheartfrance.com\/index.php\/wp-json\/wp\/v2\/media?parent=2146"}],"wp:term":[{"taxonomy":"product_brand","embeddable":true,"href":"https:\/\/fatherheartfrance.com\/index.php\/wp-json\/wp\/v2\/product_brand?post=2146"},{"taxonomy":"product_cat","embeddable":true,"href":"https:\/\/fatherheartfrance.com\/index.php\/wp-json\/wp\/v2\/product_cat?post=2146"},{"taxonomy":"product_tag","embeddable":true,"href":"https:\/\/fatherheartfrance.com\/index.php\/wp-json\/wp\/v2\/product_tag?post=2146"}],"curies":[{"name":"wp","href":"https:\/\/api.w.org\/{rel}","templated":true}]}}