{"id":1472,"date":"2020-08-06T21:10:58","date_gmt":"2020-08-06T19:10:58","guid":{"rendered":"https:\/\/fatherheartfrance.com\/?post_type=product&#038;p=1472"},"modified":"2025-03-17T22:38:43","modified_gmt":"2025-03-17T21:38:43","slug":"livre-sonship-en-francais","status":"publish","type":"product","link":"https:\/\/fatherheartfrance.com\/index.php\/produit\/livre-sonship-en-francais\/","title":{"rendered":"Livre \u00ab\u00a0Sonship\u00a0\u00bb en fran\u00e7ais"},"content":{"rendered":"<p style=\"text-align: center;\"><span style=\"color: #0000ff;\">Pour soutenir Fatherheart-France, Possibilit\u00e9 de commander sur le site (18\u20ac l&rsquo;un + 3,8\u20ac de frais de port, prix sp\u00e9cial pour plusieurs &#8211; merci de nous contacter)<\/span><\/p>\n<p style=\"text-align: center;\">Le c\u00e9l\u00e8bre livre de James Jordan \u00ab\u00a0<em>Sonship<\/em>\u00a0\u00bb est enfin traduit en fran\u00e7ais.<\/p>\n<p style=\"text-align: center;\">(\u00ab\u00a0<em>Un coeur de fils<\/em>\u00a0\u00bb &#8211; Un voyage dans le coeur du P\u00e8re)<\/p>\n<div class=\"page\" title=\"Page 1\">\n<div class=\"section\">\n<div class=\"layoutArea\">\n<div class=\"column\">\n<h1><strong>De\u0301couvrez la ve\u0301ritable signification De l\u2019e\u0301vangile&#8230;<\/strong><\/h1>\n<p>La re\u0301ve\u0301lation prophe\u0301tique de notre relation de fils avec le Pe\u0300re balaie le monde d\u2019aujourd\u2019hui comme une lame de fond dans l\u2019oce\u0301an, re\u0301tablissant la place de l\u2019amour du Pe\u0300re dans la vie chre\u0301tienne.<\/p>\n<p>Le Pe\u0300re vous aime, et que vous soyez un homme ou une femme, il vous a appele\u0301 a\u0300 vivre une relation de fils et de filles avec lui. Je\u0301sus est venu pour que vous puissiez la recevoir \u2013 en vivant dans une continuelle expe\u0301rience de son amour se de\u0301versant dans votre c\u0153ur de la me\u0302me manie\u0300re que Je\u0301sus lui-me\u0302me en a fait l\u2019expe\u0301rience.<\/p>\n<p>&#8211; De\u0301couvrez l\u2019amour du Pe\u0300re comme Je\u0301sus l\u2019a expe\u0301rimente\u0301.<br \/>\n&#8211; Apprenez l\u2019importance de votre c\u0153ur dans tous les aspects de votre marche spirituelle.<br \/>\n&#8211; O\u0302tez les obstacles a\u0300 l\u2019amour du Pe\u0300re de votre vie.<br \/>\n&#8211; Saisissez la perspective du grand plan de re\u0301demption de Dieu pour l\u2019humanite\u0301.<br \/>\n&#8211; Trouvez le repos, promesse de la Bible pour chaque croyant.<br \/>\n&#8211; Profitez d\u2019une liberte\u0301 surnaturelle a\u0300 la disposition des fils et des filles de Dieu.<\/p>\n<p>\u00ab <em>Je sens pour la premie\u0300re fois de ma vie que je suis ve\u0301ritablement parvenu a\u0300 comprendre ce qu\u2019est re\u0301ellement l\u2019e\u0301vangile. Il s\u2019agit d\u2019un Pe\u0300re qui a perdu ses enfants et qui veut simplement qu\u2019ils reviennent&#8230; J\u2019attends avec impatience le jour ou\u0300 nous verrons les fils et les filles exprimant pleinement cette re\u0301alite\u0301 et leur liberte\u0301, s\u2019e\u0301levant de chaque nation du monde, exposant et exprimant la personne, la nature et les \u0153uvres de notre Pe\u0300re, marchant comme Je\u0301sus dans ce monde brise\u0301.<\/em> \u00bb \u2013 James Jordan<\/p>\n<\/div>\n<\/div>\n<\/div>\n<\/div>\n","protected":false},"excerpt":{"rendered":"<p>Le c\u00e9l\u00e8bre livre de James Jordan \u00ab\u00a0<em>Sonship<\/em>\u00a0\u00bb est enfin traduit en fran\u00e7ais.<\/p>\n<p>(\u00ab\u00a0<em>Un coeur de fils<\/em>\u00a0\u00bb &#8211; Un voyage dans le coeur du P\u00e8re)<\/p>\n<div class=\"page\" title=\"Page 1\">\n<div class=\"section\">\n<div class=\"layoutArea\">\n<div class=\"column\">\n<h1><strong>De\u0301couvrez la ve\u0301ritable signification De l\u2019e\u0301vangile&#8230;<\/strong><\/h1>\n<p>La re\u0301ve\u0301lation prophe\u0301tique de notre relation de fils avec le Pe\u0300re balaie le monde d\u2019aujourd\u2019hui comme une lame de fond dans l\u2019oce\u0301an, re\u0301tablissant la place de l\u2019amour du Pe\u0300re dans la vie chre\u0301tienne. <img loading=\"lazy\" decoding=\"async\" class=\"alignnone size-large wp-image-1474\" src=\"https:\/\/fatherheartfrance.com\/wp-content\/uploads\/2020\/08\/UnCoeurDeFils-Recto-683x1024.jpg\" alt=\"\" width=\"683\" height=\"1024\" srcset=\"https:\/\/fatherheartfrance.com\/wp-content\/uploads\/2020\/08\/UnCoeurDeFils-Recto-683x1024.jpg 683w, https:\/\/fatherheartfrance.com\/wp-content\/uploads\/2020\/08\/UnCoeurDeFils-Recto-200x300.jpg 200w, https:\/\/fatherheartfrance.com\/wp-content\/uploads\/2020\/08\/UnCoeurDeFils-Recto-768x1152.jpg 768w, https:\/\/fatherheartfrance.com\/wp-content\/uploads\/2020\/08\/UnCoeurDeFils-Recto-300x450.jpg 300w, https:\/\/fatherheartfrance.com\/wp-content\/uploads\/2020\/08\/UnCoeurDeFils-Recto-600x900.jpg 600w, https:\/\/fatherheartfrance.com\/wp-content\/uploads\/2020\/08\/UnCoeurDeFils-Recto.jpg 907w\" sizes=\"auto, (max-width: 683px) 100vw, 683px\" \/><\/p>\n<\/div>\n<\/div>\n<\/div>\n<\/div>\n<p> <a class=\"more-link\" href=\"https:\/\/fatherheartfrance.com\/index.php\/produit\/livre-sonship-en-francais\/\">Lire plus &#8230;<\/a><\/p>\n","protected":false},"featured_media":1474,"comment_status":"open","ping_status":"closed","template":"","meta":{"_crdt_document":"","_exactmetrics_skip_tracking":false,"_exactmetrics_sitenote_active":false,"_exactmetrics_sitenote_note":"","_exactmetrics_sitenote_category":0},"product_brand":[],"product_cat":[29],"product_tag":[],"class_list":{"0":"post-1472","1":"product","2":"type-product","3":"status-publish","4":"has-post-thumbnail","6":"product_cat-livres","8":"first","9":"instock","10":"shipping-taxable","11":"purchasable","12":"product-type-simple"},"yoast_head":"<!-- This site is optimized with the Yoast SEO plugin v27.5 - https:\/\/yoast.com\/product\/yoast-seo-wordpress\/ -->\n<title>Livre &quot;Sonship&quot; en fran\u00e7ais - Fatherheart - France<\/title>\n<meta name=\"robots\" content=\"index, follow, max-snippet:-1, max-image-preview:large, max-video-preview:-1\" \/>\n<link rel=\"canonical\" href=\"https:\/\/fatherheartfrance.com\/index.php\/produit\/livre-sonship-en-francais\/\" \/>\n<meta property=\"og:locale\" content=\"fr_FR\" \/>\n<meta property=\"og:type\" content=\"article\" \/>\n<meta property=\"og:title\" content=\"Livre &quot;Sonship&quot; en fran\u00e7ais - Fatherheart - France\" \/>\n<meta property=\"og:description\" content=\"Le c\u00e9l\u00e8bre livre de James Jordan &quot;Sonship&quot; est enfin traduit en fran\u00e7ais.  (&quot;Un coeur de fils&quot; - Un voyage dans le coeur du P\u00e8re)     De\u0301couvrez la ve\u0301ritable signification De l\u2019e\u0301vangile... La re\u0301ve\u0301lation prophe\u0301tique de notre relation de fils avec le Pe\u0300re balaie le monde d\u2019aujourd\u2019hui comme une lame de fond dans l\u2019oce\u0301an, re\u0301tablissant la place de l\u2019amour du Pe\u0300re dans la vie chre\u0301tienne.      Lire plus ...\" \/>\n<meta property=\"og:url\" content=\"https:\/\/fatherheartfrance.com\/index.php\/produit\/livre-sonship-en-francais\/\" \/>\n<meta property=\"og:site_name\" content=\"Fatherheart - France\" \/>\n<meta property=\"article:publisher\" content=\"https:\/\/www.facebook.com\/ContactFHF\/\" \/>\n<meta property=\"article:modified_time\" content=\"2025-03-17T21:38:43+00:00\" \/>\n<meta property=\"og:image\" content=\"https:\/\/fatherheartfrance.com\/wp-content\/uploads\/2020\/08\/UnCoeurDeFils-Recto.jpg\" \/>\n\t<meta property=\"og:image:width\" content=\"907\" \/>\n\t<meta property=\"og:image:height\" content=\"1360\" \/>\n\t<meta property=\"og:image:type\" content=\"image\/jpeg\" \/>\n<meta name=\"twitter:card\" content=\"summary_large_image\" \/>\n<meta name=\"twitter:label1\" content=\"Dur\u00e9e de lecture estim\u00e9e\" \/>\n\t<meta name=\"twitter:data1\" content=\"2 minutes\" \/>\n<script type=\"application\/ld+json\" class=\"yoast-schema-graph\">{\"@context\":\"https:\\\/\\\/schema.org\",\"@graph\":[{\"@type\":\"WebPage\",\"@id\":\"https:\\\/\\\/fatherheartfrance.com\\\/index.php\\\/produit\\\/livre-sonship-en-francais\\\/\",\"url\":\"https:\\\/\\\/fatherheartfrance.com\\\/index.php\\\/produit\\\/livre-sonship-en-francais\\\/\",\"name\":\"Livre \\\"Sonship\\\" en fran\u00e7ais - Fatherheart - France\",\"isPartOf\":{\"@id\":\"https:\\\/\\\/fatherheartfrance.com\\\/#website\"},\"primaryImageOfPage\":{\"@id\":\"https:\\\/\\\/fatherheartfrance.com\\\/index.php\\\/produit\\\/livre-sonship-en-francais\\\/#primaryimage\"},\"image\":{\"@id\":\"https:\\\/\\\/fatherheartfrance.com\\\/index.php\\\/produit\\\/livre-sonship-en-francais\\\/#primaryimage\"},\"thumbnailUrl\":\"https:\\\/\\\/fatherheartfrance.com\\\/wp-content\\\/uploads\\\/2020\\\/08\\\/UnCoeurDeFils-Recto.jpg\",\"datePublished\":\"2020-08-06T19:10:58+00:00\",\"dateModified\":\"2025-03-17T21:38:43+00:00\",\"breadcrumb\":{\"@id\":\"https:\\\/\\\/fatherheartfrance.com\\\/index.php\\\/produit\\\/livre-sonship-en-francais\\\/#breadcrumb\"},\"inLanguage\":\"fr-FR\",\"potentialAction\":[{\"@type\":\"ReadAction\",\"target\":[\"https:\\\/\\\/fatherheartfrance.com\\\/index.php\\\/produit\\\/livre-sonship-en-francais\\\/\"]}]},{\"@type\":\"ImageObject\",\"inLanguage\":\"fr-FR\",\"@id\":\"https:\\\/\\\/fatherheartfrance.com\\\/index.php\\\/produit\\\/livre-sonship-en-francais\\\/#primaryimage\",\"url\":\"https:\\\/\\\/fatherheartfrance.com\\\/wp-content\\\/uploads\\\/2020\\\/08\\\/UnCoeurDeFils-Recto.jpg\",\"contentUrl\":\"https:\\\/\\\/fatherheartfrance.com\\\/wp-content\\\/uploads\\\/2020\\\/08\\\/UnCoeurDeFils-Recto.jpg\",\"width\":907,\"height\":1360},{\"@type\":\"BreadcrumbList\",\"@id\":\"https:\\\/\\\/fatherheartfrance.com\\\/index.php\\\/produit\\\/livre-sonship-en-francais\\\/#breadcrumb\",\"itemListElement\":[{\"@type\":\"ListItem\",\"position\":1,\"name\":\"Accueil\",\"item\":\"https:\\\/\\\/fatherheartfrance.com\\\/\"},{\"@type\":\"ListItem\",\"position\":2,\"name\":\"Livre \u00ab\u00a0Sonship\u00a0\u00bb en fran\u00e7ais\"}]},{\"@type\":\"WebSite\",\"@id\":\"https:\\\/\\\/fatherheartfrance.com\\\/#website\",\"url\":\"https:\\\/\\\/fatherheartfrance.com\\\/\",\"name\":\"Fatherheart - France\",\"description\":\"Amour du P\u00e8re\",\"publisher\":{\"@id\":\"https:\\\/\\\/fatherheartfrance.com\\\/#organization\"},\"potentialAction\":[{\"@type\":\"SearchAction\",\"target\":{\"@type\":\"EntryPoint\",\"urlTemplate\":\"https:\\\/\\\/fatherheartfrance.com\\\/?s={search_term_string}\"},\"query-input\":{\"@type\":\"PropertyValueSpecification\",\"valueRequired\":true,\"valueName\":\"search_term_string\"}}],\"inLanguage\":\"fr-FR\"},{\"@type\":\"Organization\",\"@id\":\"https:\\\/\\\/fatherheartfrance.com\\\/#organization\",\"name\":\"fatherheartfrance\",\"url\":\"https:\\\/\\\/fatherheartfrance.com\\\/\",\"logo\":{\"@type\":\"ImageObject\",\"inLanguage\":\"fr-FR\",\"@id\":\"https:\\\/\\\/fatherheartfrance.com\\\/#\\\/schema\\\/logo\\\/image\\\/\",\"url\":\"https:\\\/\\\/fatherheartfrance.com\\\/wp-content\\\/uploads\\\/2017\\\/02\\\/logo-3-e1488034589841.png\",\"contentUrl\":\"https:\\\/\\\/fatherheartfrance.com\\\/wp-content\\\/uploads\\\/2017\\\/02\\\/logo-3-e1488034589841.png\",\"width\":300,\"height\":82,\"caption\":\"fatherheartfrance\"},\"image\":{\"@id\":\"https:\\\/\\\/fatherheartfrance.com\\\/#\\\/schema\\\/logo\\\/image\\\/\"},\"sameAs\":[\"https:\\\/\\\/www.facebook.com\\\/ContactFHF\\\/\"]}]}<\/script>\n<!-- \/ Yoast SEO plugin. -->","yoast_head_json":{"title":"Livre \"Sonship\" en fran\u00e7ais - Fatherheart - France","robots":{"index":"index","follow":"follow","max-snippet":"max-snippet:-1","max-image-preview":"max-image-preview:large","max-video-preview":"max-video-preview:-1"},"canonical":"https:\/\/fatherheartfrance.com\/index.php\/produit\/livre-sonship-en-francais\/","og_locale":"fr_FR","og_type":"article","og_title":"Livre \"Sonship\" en fran\u00e7ais - Fatherheart - France","og_description":"Le c\u00e9l\u00e8bre livre de James Jordan \"Sonship\" est enfin traduit en fran\u00e7ais.  (\"Un coeur de fils\" - Un voyage dans le coeur du P\u00e8re)     De\u0301couvrez la ve\u0301ritable signification De l\u2019e\u0301vangile... La re\u0301ve\u0301lation prophe\u0301tique de notre relation de fils avec le Pe\u0300re balaie le monde d\u2019aujourd\u2019hui comme une lame de fond dans l\u2019oce\u0301an, re\u0301tablissant la place de l\u2019amour du Pe\u0300re dans la vie chre\u0301tienne.      Lire plus ...","og_url":"https:\/\/fatherheartfrance.com\/index.php\/produit\/livre-sonship-en-francais\/","og_site_name":"Fatherheart - France","article_publisher":"https:\/\/www.facebook.com\/ContactFHF\/","article_modified_time":"2025-03-17T21:38:43+00:00","og_image":[{"width":907,"height":1360,"url":"https:\/\/fatherheartfrance.com\/wp-content\/uploads\/2020\/08\/UnCoeurDeFils-Recto.jpg","type":"image\/jpeg"}],"twitter_card":"summary_large_image","twitter_misc":{"Dur\u00e9e de lecture estim\u00e9e":"2 minutes"},"schema":{"@context":"https:\/\/schema.org","@graph":[{"@type":"WebPage","@id":"https:\/\/fatherheartfrance.com\/index.php\/produit\/livre-sonship-en-francais\/","url":"https:\/\/fatherheartfrance.com\/index.php\/produit\/livre-sonship-en-francais\/","name":"Livre \"Sonship\" en fran\u00e7ais - Fatherheart - France","isPartOf":{"@id":"https:\/\/fatherheartfrance.com\/#website"},"primaryImageOfPage":{"@id":"https:\/\/fatherheartfrance.com\/index.php\/produit\/livre-sonship-en-francais\/#primaryimage"},"image":{"@id":"https:\/\/fatherheartfrance.com\/index.php\/produit\/livre-sonship-en-francais\/#primaryimage"},"thumbnailUrl":"https:\/\/fatherheartfrance.com\/wp-content\/uploads\/2020\/08\/UnCoeurDeFils-Recto.jpg","datePublished":"2020-08-06T19:10:58+00:00","dateModified":"2025-03-17T21:38:43+00:00","breadcrumb":{"@id":"https:\/\/fatherheartfrance.com\/index.php\/produit\/livre-sonship-en-francais\/#breadcrumb"},"inLanguage":"fr-FR","potentialAction":[{"@type":"ReadAction","target":["https:\/\/fatherheartfrance.com\/index.php\/produit\/livre-sonship-en-francais\/"]}]},{"@type":"ImageObject","inLanguage":"fr-FR","@id":"https:\/\/fatherheartfrance.com\/index.php\/produit\/livre-sonship-en-francais\/#primaryimage","url":"https:\/\/fatherheartfrance.com\/wp-content\/uploads\/2020\/08\/UnCoeurDeFils-Recto.jpg","contentUrl":"https:\/\/fatherheartfrance.com\/wp-content\/uploads\/2020\/08\/UnCoeurDeFils-Recto.jpg","width":907,"height":1360},{"@type":"BreadcrumbList","@id":"https:\/\/fatherheartfrance.com\/index.php\/produit\/livre-sonship-en-francais\/#breadcrumb","itemListElement":[{"@type":"ListItem","position":1,"name":"Accueil","item":"https:\/\/fatherheartfrance.com\/"},{"@type":"ListItem","position":2,"name":"Livre \u00ab\u00a0Sonship\u00a0\u00bb en fran\u00e7ais"}]},{"@type":"WebSite","@id":"https:\/\/fatherheartfrance.com\/#website","url":"https:\/\/fatherheartfrance.com\/","name":"Fatherheart - France","description":"Amour du P\u00e8re","publisher":{"@id":"https:\/\/fatherheartfrance.com\/#organization"},"potentialAction":[{"@type":"SearchAction","target":{"@type":"EntryPoint","urlTemplate":"https:\/\/fatherheartfrance.com\/?s={search_term_string}"},"query-input":{"@type":"PropertyValueSpecification","valueRequired":true,"valueName":"search_term_string"}}],"inLanguage":"fr-FR"},{"@type":"Organization","@id":"https:\/\/fatherheartfrance.com\/#organization","name":"fatherheartfrance","url":"https:\/\/fatherheartfrance.com\/","logo":{"@type":"ImageObject","inLanguage":"fr-FR","@id":"https:\/\/fatherheartfrance.com\/#\/schema\/logo\/image\/","url":"https:\/\/fatherheartfrance.com\/wp-content\/uploads\/2017\/02\/logo-3-e1488034589841.png","contentUrl":"https:\/\/fatherheartfrance.com\/wp-content\/uploads\/2017\/02\/logo-3-e1488034589841.png","width":300,"height":82,"caption":"fatherheartfrance"},"image":{"@id":"https:\/\/fatherheartfrance.com\/#\/schema\/logo\/image\/"},"sameAs":["https:\/\/www.facebook.com\/ContactFHF\/"]}]}},"_links":{"self":[{"href":"https:\/\/fatherheartfrance.com\/index.php\/wp-json\/wp\/v2\/product\/1472","targetHints":{"allow":["GET"]}}],"collection":[{"href":"https:\/\/fatherheartfrance.com\/index.php\/wp-json\/wp\/v2\/product"}],"about":[{"href":"https:\/\/fatherheartfrance.com\/index.php\/wp-json\/wp\/v2\/types\/product"}],"replies":[{"embeddable":true,"href":"https:\/\/fatherheartfrance.com\/index.php\/wp-json\/wp\/v2\/comments?post=1472"}],"wp:featuredmedia":[{"embeddable":true,"href":"https:\/\/fatherheartfrance.com\/index.php\/wp-json\/wp\/v2\/media\/1474"}],"wp:attachment":[{"href":"https:\/\/fatherheartfrance.com\/index.php\/wp-json\/wp\/v2\/media?parent=1472"}],"wp:term":[{"taxonomy":"product_brand","embeddable":true,"href":"https:\/\/fatherheartfrance.com\/index.php\/wp-json\/wp\/v2\/product_brand?post=1472"},{"taxonomy":"product_cat","embeddable":true,"href":"https:\/\/fatherheartfrance.com\/index.php\/wp-json\/wp\/v2\/product_cat?post=1472"},{"taxonomy":"product_tag","embeddable":true,"href":"https:\/\/fatherheartfrance.com\/index.php\/wp-json\/wp\/v2\/product_tag?post=1472"}],"curies":[{"name":"wp","href":"https:\/\/api.w.org\/{rel}","templated":true}]}}