{"id":72,"date":"2017-02-16T21:48:23","date_gmt":"2017-02-16T20:48:23","guid":{"rendered":"http:\/\/127.0.0.1\/church\/wordpress\/?page_id=72"},"modified":"2025-11-05T16:20:12","modified_gmt":"2025-11-05T15:20:12","slug":"nos-propositions","status":"publish","type":"page","link":"https:\/\/fatherheartfrance.com\/index.php\/nos-propositions\/","title":{"rendered":"Nos propositions"},"content":{"rendered":"<h2>Pr\u00e9dications, R\u00e9unions et \u00c9v\u00e8nements, lisez et d\u00e9couvrez toutes nos propositions !<\/h2>\n<h3>Pr\u00e9dications :<\/h3>\n<p>Nous vous proposons de venir dans votre \u00e9glise ou votre maison pour vous<br \/>\npartager des pr\u00e9dications. Alors, n&rsquo;h\u00e9sitez pas \u00e0 <a href=\"https:\/\/fatherheartfrance.com\/index.php\/contactez-nous-2\/\">nous contacter<\/a> !<br \/>\nEn attendant, venez d\u00e9couvrir diff\u00e9rents <strong>sujets d\u00e9j\u00e0 pr\u00each\u00e9s<\/strong> dans la rubrique \u00ab\u00a0<a href=\"https:\/\/fatherheartfrance.com\/index.php\/nos-propositions\/predications\/\">Pr\u00e9dications<\/a>\u00a0\u00bb.<\/p>\n<p>Et pourquoi pas aussi partager avec nous des <strong>conf\u00e9rences vid\u00e9os en ligne<\/strong>\u00a0?!<br \/>\nRejoignez-nous donc avec le \u00ab\u00a0<a href=\"https:\/\/fatherheartfrance.com\/index.php\/webcast\/\">Webcast\u00a0<\/a>\u00bb !<\/p>\n<h3>R\u00e9unions :<\/h3>\n<p>Nous vous proposons de partager\u00a0ensemble une <strong>r\u00e9union les 1er et 3\u00e8me dimanche matin du mois<\/strong>, entre 10h et midi \u00e0 L\u00e9on. Alors, pour plus de d\u00e9tails, cliquez <a href=\"https:\/\/fatherheartfrance.com\/index.php\/nos-propositions\/reunion-hebdomadaire-dimanche-matin-a-saint-orens-de-gameville\/\">ICI<\/a>.<\/p>\n<h3>\u00c9v\u00e8nements \u00e0 Venir :<\/h3>\n<ul>\n<li><strong>WE avec Franck Naea et Dass Supperamaniam du 09\/01\/2026 au 11\/01\/2026<\/strong><\/li>\n<li>WE avec Mark Head en Mai 2026 &#8211; dates \u00e0 finaliser<\/li>\n<\/ul>\n","protected":false},"excerpt":{"rendered":"<p>Pr\u00e9dications, R\u00e9unions et \u00c9v\u00e8nements, lisez et d\u00e9couvrez toutes nos propositions ! Pr\u00e9dications : Nous vous proposons de venir dans votre \u00e9glise ou votre maison pour vous partager des pr\u00e9dications. Alors, n&rsquo;h\u00e9sitez pas \u00e0 nous contacter ! En attendant, venez d\u00e9couvrir diff\u00e9rents sujets d\u00e9j\u00e0 pr\u00each\u00e9s dans la rubrique \u00ab\u00a0Pr\u00e9dications\u00a0\u00bb. Et pourquoi pas aussi partager avec nous <a class=\"more-link\" href=\"https:\/\/fatherheartfrance.com\/index.php\/nos-propositions\/\">Lire plus &#8230;<\/a><\/p>\n","protected":false},"author":1,"featured_media":96,"parent":0,"menu_order":0,"comment_status":"closed","ping_status":"closed","template":"","meta":{"_crdt_document":"","_exactmetrics_skip_tracking":false,"_exactmetrics_sitenote_active":false,"_exactmetrics_sitenote_note":"","_exactmetrics_sitenote_category":0,"footnotes":""},"class_list":["post-72","page","type-page","status-publish","has-post-thumbnail","hentry"],"yoast_head":"<!-- This site is optimized with the Yoast SEO plugin v27.5 - https:\/\/yoast.com\/product\/yoast-seo-wordpress\/ -->\n<title>Nos propositions : Pr\u00e9dications et Webcast - Fatherheart France<\/title>\n<meta name=\"robots\" content=\"index, follow, max-snippet:-1, max-image-preview:large, max-video-preview:-1\" \/>\n<link rel=\"canonical\" href=\"https:\/\/fatherheartfrance.com\/index.php\/nos-propositions\/\" \/>\n<meta property=\"og:locale\" content=\"fr_FR\" \/>\n<meta property=\"og:type\" content=\"article\" \/>\n<meta property=\"og:title\" content=\"Nos propositions : Pr\u00e9dications et Webcast - Fatherheart France\" \/>\n<meta property=\"og:description\" content=\"Pr\u00e9dications, R\u00e9unions et \u00c9v\u00e8nements, lisez et d\u00e9couvrez toutes nos propositions ! Pr\u00e9dications : Nous vous proposons de venir dans votre \u00e9glise ou votre maison pour vous partager des pr\u00e9dications. Alors, n&rsquo;h\u00e9sitez pas \u00e0 nous contacter ! En attendant, venez d\u00e9couvrir diff\u00e9rents sujets d\u00e9j\u00e0 pr\u00each\u00e9s dans la rubrique \u00ab\u00a0Pr\u00e9dications\u00a0\u00bb. Et pourquoi pas aussi partager avec nous Lire plus ...\" \/>\n<meta property=\"og:url\" content=\"https:\/\/fatherheartfrance.com\/index.php\/nos-propositions\/\" \/>\n<meta property=\"og:site_name\" content=\"Fatherheart - France\" \/>\n<meta property=\"article:publisher\" content=\"https:\/\/www.facebook.com\/ContactFHF\/\" \/>\n<meta property=\"article:modified_time\" content=\"2025-11-05T15:20:12+00:00\" \/>\n<meta property=\"og:image\" content=\"https:\/\/fatherheartfrance.com\/wp-content\/uploads\/2017\/02\/propositions.jpg\" \/>\n\t<meta property=\"og:image:width\" content=\"1200\" \/>\n\t<meta property=\"og:image:height\" content=\"328\" \/>\n\t<meta property=\"og:image:type\" content=\"image\/jpeg\" \/>\n<meta name=\"twitter:card\" content=\"summary_large_image\" \/>\n<meta name=\"twitter:label1\" content=\"Dur\u00e9e de lecture estim\u00e9e\" \/>\n\t<meta name=\"twitter:data1\" content=\"1 minute\" \/>\n<script type=\"application\/ld+json\" class=\"yoast-schema-graph\">{\"@context\":\"https:\\\/\\\/schema.org\",\"@graph\":[{\"@type\":\"WebPage\",\"@id\":\"https:\\\/\\\/fatherheartfrance.com\\\/index.php\\\/nos-propositions\\\/\",\"url\":\"https:\\\/\\\/fatherheartfrance.com\\\/index.php\\\/nos-propositions\\\/\",\"name\":\"Nos propositions : Pr\u00e9dications et Webcast - Fatherheart France\",\"isPartOf\":{\"@id\":\"https:\\\/\\\/fatherheartfrance.com\\\/#website\"},\"primaryImageOfPage\":{\"@id\":\"https:\\\/\\\/fatherheartfrance.com\\\/index.php\\\/nos-propositions\\\/#primaryimage\"},\"image\":{\"@id\":\"https:\\\/\\\/fatherheartfrance.com\\\/index.php\\\/nos-propositions\\\/#primaryimage\"},\"thumbnailUrl\":\"https:\\\/\\\/fatherheartfrance.com\\\/wp-content\\\/uploads\\\/2017\\\/02\\\/propositions.jpg\",\"datePublished\":\"2017-02-16T20:48:23+00:00\",\"dateModified\":\"2025-11-05T15:20:12+00:00\",\"breadcrumb\":{\"@id\":\"https:\\\/\\\/fatherheartfrance.com\\\/index.php\\\/nos-propositions\\\/#breadcrumb\"},\"inLanguage\":\"fr-FR\",\"potentialAction\":[{\"@type\":\"ReadAction\",\"target\":[\"https:\\\/\\\/fatherheartfrance.com\\\/index.php\\\/nos-propositions\\\/\"]}]},{\"@type\":\"ImageObject\",\"inLanguage\":\"fr-FR\",\"@id\":\"https:\\\/\\\/fatherheartfrance.com\\\/index.php\\\/nos-propositions\\\/#primaryimage\",\"url\":\"https:\\\/\\\/fatherheartfrance.com\\\/wp-content\\\/uploads\\\/2017\\\/02\\\/propositions.jpg\",\"contentUrl\":\"https:\\\/\\\/fatherheartfrance.com\\\/wp-content\\\/uploads\\\/2017\\\/02\\\/propositions.jpg\",\"width\":1200,\"height\":328,\"caption\":\"Propositions - Fatherheart France\"},{\"@type\":\"BreadcrumbList\",\"@id\":\"https:\\\/\\\/fatherheartfrance.com\\\/index.php\\\/nos-propositions\\\/#breadcrumb\",\"itemListElement\":[{\"@type\":\"ListItem\",\"position\":1,\"name\":\"Accueil\",\"item\":\"https:\\\/\\\/fatherheartfrance.com\\\/\"},{\"@type\":\"ListItem\",\"position\":2,\"name\":\"Nos propositions\"}]},{\"@type\":\"WebSite\",\"@id\":\"https:\\\/\\\/fatherheartfrance.com\\\/#website\",\"url\":\"https:\\\/\\\/fatherheartfrance.com\\\/\",\"name\":\"Fatherheart - France\",\"description\":\"Amour du P\u00e8re\",\"publisher\":{\"@id\":\"https:\\\/\\\/fatherheartfrance.com\\\/#organization\"},\"potentialAction\":[{\"@type\":\"SearchAction\",\"target\":{\"@type\":\"EntryPoint\",\"urlTemplate\":\"https:\\\/\\\/fatherheartfrance.com\\\/?s={search_term_string}\"},\"query-input\":{\"@type\":\"PropertyValueSpecification\",\"valueRequired\":true,\"valueName\":\"search_term_string\"}}],\"inLanguage\":\"fr-FR\"},{\"@type\":\"Organization\",\"@id\":\"https:\\\/\\\/fatherheartfrance.com\\\/#organization\",\"name\":\"fatherheartfrance\",\"url\":\"https:\\\/\\\/fatherheartfrance.com\\\/\",\"logo\":{\"@type\":\"ImageObject\",\"inLanguage\":\"fr-FR\",\"@id\":\"https:\\\/\\\/fatherheartfrance.com\\\/#\\\/schema\\\/logo\\\/image\\\/\",\"url\":\"https:\\\/\\\/fatherheartfrance.com\\\/wp-content\\\/uploads\\\/2017\\\/02\\\/logo-3-e1488034589841.png\",\"contentUrl\":\"https:\\\/\\\/fatherheartfrance.com\\\/wp-content\\\/uploads\\\/2017\\\/02\\\/logo-3-e1488034589841.png\",\"width\":300,\"height\":82,\"caption\":\"fatherheartfrance\"},\"image\":{\"@id\":\"https:\\\/\\\/fatherheartfrance.com\\\/#\\\/schema\\\/logo\\\/image\\\/\"},\"sameAs\":[\"https:\\\/\\\/www.facebook.com\\\/ContactFHF\\\/\"]}]}<\/script>\n<!-- \/ Yoast SEO plugin. -->","yoast_head_json":{"title":"Nos propositions : Pr\u00e9dications et Webcast - Fatherheart France","robots":{"index":"index","follow":"follow","max-snippet":"max-snippet:-1","max-image-preview":"max-image-preview:large","max-video-preview":"max-video-preview:-1"},"canonical":"https:\/\/fatherheartfrance.com\/index.php\/nos-propositions\/","og_locale":"fr_FR","og_type":"article","og_title":"Nos propositions : Pr\u00e9dications et Webcast - Fatherheart France","og_description":"Pr\u00e9dications, R\u00e9unions et \u00c9v\u00e8nements, lisez et d\u00e9couvrez toutes nos propositions ! Pr\u00e9dications : Nous vous proposons de venir dans votre \u00e9glise ou votre maison pour vous partager des pr\u00e9dications. Alors, n&rsquo;h\u00e9sitez pas \u00e0 nous contacter ! En attendant, venez d\u00e9couvrir diff\u00e9rents sujets d\u00e9j\u00e0 pr\u00each\u00e9s dans la rubrique \u00ab\u00a0Pr\u00e9dications\u00a0\u00bb. Et pourquoi pas aussi partager avec nous Lire plus ...","og_url":"https:\/\/fatherheartfrance.com\/index.php\/nos-propositions\/","og_site_name":"Fatherheart - France","article_publisher":"https:\/\/www.facebook.com\/ContactFHF\/","article_modified_time":"2025-11-05T15:20:12+00:00","og_image":[{"width":1200,"height":328,"url":"https:\/\/fatherheartfrance.com\/wp-content\/uploads\/2017\/02\/propositions.jpg","type":"image\/jpeg"}],"twitter_card":"summary_large_image","twitter_misc":{"Dur\u00e9e de lecture estim\u00e9e":"1 minute"},"schema":{"@context":"https:\/\/schema.org","@graph":[{"@type":"WebPage","@id":"https:\/\/fatherheartfrance.com\/index.php\/nos-propositions\/","url":"https:\/\/fatherheartfrance.com\/index.php\/nos-propositions\/","name":"Nos propositions : Pr\u00e9dications et Webcast - Fatherheart France","isPartOf":{"@id":"https:\/\/fatherheartfrance.com\/#website"},"primaryImageOfPage":{"@id":"https:\/\/fatherheartfrance.com\/index.php\/nos-propositions\/#primaryimage"},"image":{"@id":"https:\/\/fatherheartfrance.com\/index.php\/nos-propositions\/#primaryimage"},"thumbnailUrl":"https:\/\/fatherheartfrance.com\/wp-content\/uploads\/2017\/02\/propositions.jpg","datePublished":"2017-02-16T20:48:23+00:00","dateModified":"2025-11-05T15:20:12+00:00","breadcrumb":{"@id":"https:\/\/fatherheartfrance.com\/index.php\/nos-propositions\/#breadcrumb"},"inLanguage":"fr-FR","potentialAction":[{"@type":"ReadAction","target":["https:\/\/fatherheartfrance.com\/index.php\/nos-propositions\/"]}]},{"@type":"ImageObject","inLanguage":"fr-FR","@id":"https:\/\/fatherheartfrance.com\/index.php\/nos-propositions\/#primaryimage","url":"https:\/\/fatherheartfrance.com\/wp-content\/uploads\/2017\/02\/propositions.jpg","contentUrl":"https:\/\/fatherheartfrance.com\/wp-content\/uploads\/2017\/02\/propositions.jpg","width":1200,"height":328,"caption":"Propositions - Fatherheart France"},{"@type":"BreadcrumbList","@id":"https:\/\/fatherheartfrance.com\/index.php\/nos-propositions\/#breadcrumb","itemListElement":[{"@type":"ListItem","position":1,"name":"Accueil","item":"https:\/\/fatherheartfrance.com\/"},{"@type":"ListItem","position":2,"name":"Nos propositions"}]},{"@type":"WebSite","@id":"https:\/\/fatherheartfrance.com\/#website","url":"https:\/\/fatherheartfrance.com\/","name":"Fatherheart - France","description":"Amour du P\u00e8re","publisher":{"@id":"https:\/\/fatherheartfrance.com\/#organization"},"potentialAction":[{"@type":"SearchAction","target":{"@type":"EntryPoint","urlTemplate":"https:\/\/fatherheartfrance.com\/?s={search_term_string}"},"query-input":{"@type":"PropertyValueSpecification","valueRequired":true,"valueName":"search_term_string"}}],"inLanguage":"fr-FR"},{"@type":"Organization","@id":"https:\/\/fatherheartfrance.com\/#organization","name":"fatherheartfrance","url":"https:\/\/fatherheartfrance.com\/","logo":{"@type":"ImageObject","inLanguage":"fr-FR","@id":"https:\/\/fatherheartfrance.com\/#\/schema\/logo\/image\/","url":"https:\/\/fatherheartfrance.com\/wp-content\/uploads\/2017\/02\/logo-3-e1488034589841.png","contentUrl":"https:\/\/fatherheartfrance.com\/wp-content\/uploads\/2017\/02\/logo-3-e1488034589841.png","width":300,"height":82,"caption":"fatherheartfrance"},"image":{"@id":"https:\/\/fatherheartfrance.com\/#\/schema\/logo\/image\/"},"sameAs":["https:\/\/www.facebook.com\/ContactFHF\/"]}]}},"_links":{"self":[{"href":"https:\/\/fatherheartfrance.com\/index.php\/wp-json\/wp\/v2\/pages\/72","targetHints":{"allow":["GET"]}}],"collection":[{"href":"https:\/\/fatherheartfrance.com\/index.php\/wp-json\/wp\/v2\/pages"}],"about":[{"href":"https:\/\/fatherheartfrance.com\/index.php\/wp-json\/wp\/v2\/types\/page"}],"author":[{"embeddable":true,"href":"https:\/\/fatherheartfrance.com\/index.php\/wp-json\/wp\/v2\/users\/1"}],"replies":[{"embeddable":true,"href":"https:\/\/fatherheartfrance.com\/index.php\/wp-json\/wp\/v2\/comments?post=72"}],"version-history":[{"count":5,"href":"https:\/\/fatherheartfrance.com\/index.php\/wp-json\/wp\/v2\/pages\/72\/revisions"}],"predecessor-version":[{"id":2244,"href":"https:\/\/fatherheartfrance.com\/index.php\/wp-json\/wp\/v2\/pages\/72\/revisions\/2244"}],"wp:featuredmedia":[{"embeddable":true,"href":"https:\/\/fatherheartfrance.com\/index.php\/wp-json\/wp\/v2\/media\/96"}],"wp:attachment":[{"href":"https:\/\/fatherheartfrance.com\/index.php\/wp-json\/wp\/v2\/media?parent=72"}],"curies":[{"name":"wp","href":"https:\/\/api.w.org\/{rel}","templated":true}]}}