{"id":7,"date":"2017-01-03T14:03:37","date_gmt":"2017-01-03T13:03:37","guid":{"rendered":"http:\/\/127.0.0.1\/church\/wordpress\/?page_id=7"},"modified":"2017-06-03T14:43:36","modified_gmt":"2017-06-03T12:43:36","slug":"a-propos","status":"publish","type":"page","link":"https:\/\/fatherheartfrance.com\/index.php\/a-propos\/","title":{"rendered":"A propos de nous"},"content":{"rendered":"<p><img decoding=\"async\" class=\"alignleft wp-image-412\" src=\"https:\/\/fatherheartfrance.com\/wp-content\/uploads\/2017\/01\/FredericEtSylvie.jpg\" alt=\"Photo Frederic et Sylvie_C - Fatherheart France\" width=\"250\" srcset=\"https:\/\/fatherheartfrance.com\/wp-content\/uploads\/2017\/01\/FredericEtSylvie.jpg 563w, https:\/\/fatherheartfrance.com\/wp-content\/uploads\/2017\/01\/FredericEtSylvie-300x233.jpg 300w\" sizes=\"(max-width: 563px) 100vw, 563px\" \/><\/p>\n<p>&nbsp;<\/p>\n<p><em>Tout a commenc\u00e9 apr\u00e8s un voyage \u00e0 Toronto en 2002. Fr\u00e9d\u00e9ric y a rencontr\u00e9, entre autres, Jack Winter, James Jordan et Jack Frost. Depuis ce temps, Fr\u00e9d\u00e9ric et sa femme Sylvie ont re\u00e7u la r\u00e9v\u00e9lation de l&rsquo;Amour du P\u00e8re et veulent la partager autour d&rsquo;eux.<\/em><\/p>\n<p>&nbsp;<\/p>\n<p>&nbsp;<\/p>\n<h2>Une petite histoire pour nous introduire :<\/h2>\n<p>Nous vivons une \u00e9poque extraordinaire de l&rsquo;histoire chr\u00e9tienne\u00a0! Car Dieu se r\u00e9v\u00e8le lui-m\u00eame comme un P\u00e8re, comme jamais il ne l\u2019a fait auparavant.<\/p>\n<p>Notre objectif est de soutenir cette r\u00e9v\u00e9lation de l&rsquo;Amour du P\u00e8re. Nous communiquons vers chaque personne en face \u00e0 face, \u00e0 chaque ruisseau du christianisme et \u00e0 chaque d\u00e9nomination. La France est le principal p\u00e9rim\u00e8tre d\u2019action, ce quelle que soit la culture des personnes contact\u00e9es.<\/p>\n<p>Notre r\u00e9v\u00e9lation fondamentale est d\u2019avoir une relation familiale d\u2019amour avec le P\u00e8re comme ses enfants, avec un c\u0153ur d\u2019enfants.<\/p>\n<p>Cette r\u00e9v\u00e9lation proph\u00e9tique de l\u2019amour du P\u00e8re (pas une th\u00e9ologie th\u00e9orique ou une doctrine id\u00e9ologique) produit des vies transform\u00e9es. Son enseignement biblique vrai, travaillant dans des c\u0153urs ouverts, engendre des filles et des fils. Ceux-ci deviennent des messages vivants d\u2019Amour, de Vie et d&rsquo;Esp\u00e9rance sur toute la terre par leur relation avec leur P\u00e8re.<\/p>\n<p>Par sa vie, sa mort et sa r\u00e9surrection, J\u00e9sus a ouvert le chemin vers le P\u00e8re.<\/p>\n<p>Il nous a rendus acceptables pour pouvoir \u00eatre r\u00e9concili\u00e9s avec le P\u00e8re. En effet, la relation filiale avec Dieu r\u00e9pond au cri du c\u0153ur de chaque homme et femme sur cette plan\u00e8te. Et ce cri n\u00e9 du besoin fondamental d\u2019\u00eatre premi\u00e8rement aim\u00e9 parfaitement et d\u2019aimer en retour. Ainsi, nous pouvons revenir \u00e0 la maison et vivre dans Sa pr\u00e9sence.<\/p>\n<p>Nous d\u00e9couvrons un P\u00e8re qui nous aime avec un amour qui d\u00e9passe toute expression humaine de ce qu&rsquo;est l&rsquo;amour. C\u2019est un amour qui surpasse la connaissance et s\u2019exp\u00e9rimente avec le c\u0153ur\u2026 Beaucoup d\u00e9couvrent ce que signifie trouver la paix et revenir \u00e0 la \u00ab\u00a0maison\u00a0\u00bb.\u00a0 Alors, notre nouvelle demeure se r\u00e9v\u00e8le un lieu de repos apr\u00e8s tant d\u2019ann\u00e9es d&rsquo;efforts, d\u2019obligations et de performances.<\/p>\n<p>Cette exp\u00e9rience personnelle change radicalement les vies de l\u2019int\u00e9rieur !<\/p>\n<p>&nbsp;<\/p>\n<h2>Alors qui sommes nous ?<\/h2>\n<p>Nous vivons dans une g\u00e9n\u00e9ration orpheline \u00ab sans p\u00e8re \u00bb et \u00ab sans m\u00e8re \u00bb. Une grande partie de notre monde d\u2019aujourd\u2019hui et parfois m\u00eame l\u2019\u00e9glise est impr\u00e9gn\u00e9e d\u2019un profond sentiment de solitude. Notre but est d\u2019utiliser tous les moyens que notre P\u00e8re nous donne pour favoriser l\u2019explosion de cette r\u00e9v\u00e9lation. Tout \u00eatre humain peut ainsi vivre d\u2019\u00eatre r\u00e9concili\u00e9 avec le P\u00e8re par cette r\u00e9v\u00e9lation du c\u0153ur\u2026<\/p>\n<p>Afin de toucher le plus grand nombre nous organisons des s\u00e9minaires, r\u00e9digeons des livres, mettons \u00e0 disposition des enregistrements\u2026<\/p>\n<p>Ce site est aussi une plateforme pour mettre en contact les personnes qui soutiennent ce message en Francophonie et au-del\u00e0 !<\/p>\n<p>Fatherheart &#8211; France (FHF) est n\u00e9 de l\u2019explosion de cette r\u00e9v\u00e9lation dans nos c\u0153urs. Notre c\u0153ur est de voir des hommes et des femmes exp\u00e9rimenter l\u2019\u00e9treinte paternelle de Dieu.<\/p>\n<p>Nous sommes des gens ordinaires qui avons d\u00e9couvert notre v\u00e9ritable identit\u00e9 de fils et filles de notre P\u00e8re, Dieu Tout-Puissant, des petits enfants avec un Grand Papa !<\/p>\n<p>Nous sommes en collaboration et relation \u00e9troite avec Fatherheart Ministries et les autres associations Fatherheart.<\/p>\n<p>&nbsp;<\/p>\n<blockquote><p>\u00ab <em>Voyez de quel amour le P\u00e8re nous a aim\u00e9 pour que nous soyons appel\u00e9s enfants de Dieu et nous le sommes.<\/em> \u00bb (1Jean3 :1 LSG)<\/p><\/blockquote>\n<blockquote><p><em>Et le monde verra que nous sommes chr\u00e9tiens par l\u2019amour dont nos actes sont empreints\u2026<\/em><\/p><\/blockquote>\n","protected":false},"excerpt":{"rendered":"<p>&nbsp; Tout a commenc\u00e9 apr\u00e8s un voyage \u00e0 Toronto en 2002. Fr\u00e9d\u00e9ric y a rencontr\u00e9, entre autres, Jack Winter, James Jordan et Jack Frost. Depuis ce temps, Fr\u00e9d\u00e9ric et sa femme Sylvie ont re\u00e7u la r\u00e9v\u00e9lation de l&rsquo;Amour du P\u00e8re et veulent la partager autour d&rsquo;eux. &nbsp; &nbsp; Une petite histoire pour nous introduire : <a class=\"more-link\" href=\"https:\/\/fatherheartfrance.com\/index.php\/a-propos\/\">Lire plus &#8230;<\/a><\/p>\n","protected":false},"author":1,"featured_media":67,"parent":0,"menu_order":0,"comment_status":"closed","ping_status":"closed","template":"","meta":{"_crdt_document":"","_exactmetrics_skip_tracking":false,"_exactmetrics_sitenote_active":false,"_exactmetrics_sitenote_note":"","_exactmetrics_sitenote_category":0,"footnotes":""},"class_list":["post-7","page","type-page","status-publish","has-post-thumbnail","hentry"],"yoast_head":"<!-- This site is optimized with the Yoast SEO plugin v27.5 - https:\/\/yoast.com\/product\/yoast-seo-wordpress\/ -->\n<title>Qui sommes nous ? Exp\u00e9rimenter l&#039;amour du p\u00e8re - Fatherheart France<\/title>\n<meta name=\"robots\" content=\"index, follow, max-snippet:-1, max-image-preview:large, max-video-preview:-1\" \/>\n<link rel=\"canonical\" href=\"https:\/\/fatherheartfrance.com\/index.php\/a-propos\/\" \/>\n<meta property=\"og:locale\" content=\"fr_FR\" \/>\n<meta property=\"og:type\" content=\"article\" \/>\n<meta property=\"og:title\" content=\"Qui sommes nous ? Exp\u00e9rimenter l&#039;amour du p\u00e8re - Fatherheart France\" \/>\n<meta property=\"og:description\" content=\"&nbsp; Tout a commenc\u00e9 apr\u00e8s un voyage \u00e0 Toronto en 2002. Fr\u00e9d\u00e9ric y a rencontr\u00e9, entre autres, Jack Winter, James Jordan et Jack Frost. Depuis ce temps, Fr\u00e9d\u00e9ric et sa femme Sylvie ont re\u00e7u la r\u00e9v\u00e9lation de l&rsquo;Amour du P\u00e8re et veulent la partager autour d&rsquo;eux. &nbsp; &nbsp; Une petite histoire pour nous introduire : Lire plus ...\" \/>\n<meta property=\"og:url\" content=\"https:\/\/fatherheartfrance.com\/index.php\/a-propos\/\" \/>\n<meta property=\"og:site_name\" content=\"Fatherheart - France\" \/>\n<meta property=\"article:publisher\" content=\"https:\/\/www.facebook.com\/ContactFHF\/\" \/>\n<meta property=\"article:modified_time\" content=\"2017-06-03T12:43:36+00:00\" \/>\n<meta property=\"og:image\" content=\"https:\/\/fatherheartfrance.com\/wp-content\/uploads\/2017\/02\/slider1-1200x514.jpg\" \/>\n\t<meta property=\"og:image:width\" content=\"1200\" \/>\n\t<meta property=\"og:image:height\" content=\"514\" \/>\n\t<meta property=\"og:image:type\" content=\"image\/jpeg\" \/>\n<meta name=\"twitter:card\" content=\"summary_large_image\" \/>\n<meta name=\"twitter:label1\" content=\"Dur\u00e9e de lecture estim\u00e9e\" \/>\n\t<meta name=\"twitter:data1\" content=\"3 minutes\" \/>\n<script type=\"application\/ld+json\" class=\"yoast-schema-graph\">{\"@context\":\"https:\\\/\\\/schema.org\",\"@graph\":[{\"@type\":\"WebPage\",\"@id\":\"https:\\\/\\\/fatherheartfrance.com\\\/index.php\\\/a-propos\\\/\",\"url\":\"https:\\\/\\\/fatherheartfrance.com\\\/index.php\\\/a-propos\\\/\",\"name\":\"Qui sommes nous ? Exp\u00e9rimenter l'amour du p\u00e8re - Fatherheart France\",\"isPartOf\":{\"@id\":\"https:\\\/\\\/fatherheartfrance.com\\\/#website\"},\"primaryImageOfPage\":{\"@id\":\"https:\\\/\\\/fatherheartfrance.com\\\/index.php\\\/a-propos\\\/#primaryimage\"},\"image\":{\"@id\":\"https:\\\/\\\/fatherheartfrance.com\\\/index.php\\\/a-propos\\\/#primaryimage\"},\"thumbnailUrl\":\"https:\\\/\\\/fatherheartfrance.com\\\/wp-content\\\/uploads\\\/2017\\\/02\\\/slider1-1200x514.jpg\",\"datePublished\":\"2017-01-03T13:03:37+00:00\",\"dateModified\":\"2017-06-03T12:43:36+00:00\",\"breadcrumb\":{\"@id\":\"https:\\\/\\\/fatherheartfrance.com\\\/index.php\\\/a-propos\\\/#breadcrumb\"},\"inLanguage\":\"fr-FR\",\"potentialAction\":[{\"@type\":\"ReadAction\",\"target\":[\"https:\\\/\\\/fatherheartfrance.com\\\/index.php\\\/a-propos\\\/\"]}]},{\"@type\":\"ImageObject\",\"inLanguage\":\"fr-FR\",\"@id\":\"https:\\\/\\\/fatherheartfrance.com\\\/index.php\\\/a-propos\\\/#primaryimage\",\"url\":\"https:\\\/\\\/fatherheartfrance.com\\\/wp-content\\\/uploads\\\/2017\\\/02\\\/slider1-1200x514.jpg\",\"contentUrl\":\"https:\\\/\\\/fatherheartfrance.com\\\/wp-content\\\/uploads\\\/2017\\\/02\\\/slider1-1200x514.jpg\",\"width\":1200,\"height\":514,\"caption\":\"Exp\u00e9rimentez l'Amour du P\u00e8re - Fatherheart France\"},{\"@type\":\"BreadcrumbList\",\"@id\":\"https:\\\/\\\/fatherheartfrance.com\\\/index.php\\\/a-propos\\\/#breadcrumb\",\"itemListElement\":[{\"@type\":\"ListItem\",\"position\":1,\"name\":\"Accueil\",\"item\":\"https:\\\/\\\/fatherheartfrance.com\\\/\"},{\"@type\":\"ListItem\",\"position\":2,\"name\":\"A propos de nous\"}]},{\"@type\":\"WebSite\",\"@id\":\"https:\\\/\\\/fatherheartfrance.com\\\/#website\",\"url\":\"https:\\\/\\\/fatherheartfrance.com\\\/\",\"name\":\"Fatherheart - France\",\"description\":\"Amour du P\u00e8re\",\"publisher\":{\"@id\":\"https:\\\/\\\/fatherheartfrance.com\\\/#organization\"},\"potentialAction\":[{\"@type\":\"SearchAction\",\"target\":{\"@type\":\"EntryPoint\",\"urlTemplate\":\"https:\\\/\\\/fatherheartfrance.com\\\/?s={search_term_string}\"},\"query-input\":{\"@type\":\"PropertyValueSpecification\",\"valueRequired\":true,\"valueName\":\"search_term_string\"}}],\"inLanguage\":\"fr-FR\"},{\"@type\":\"Organization\",\"@id\":\"https:\\\/\\\/fatherheartfrance.com\\\/#organization\",\"name\":\"fatherheartfrance\",\"url\":\"https:\\\/\\\/fatherheartfrance.com\\\/\",\"logo\":{\"@type\":\"ImageObject\",\"inLanguage\":\"fr-FR\",\"@id\":\"https:\\\/\\\/fatherheartfrance.com\\\/#\\\/schema\\\/logo\\\/image\\\/\",\"url\":\"https:\\\/\\\/fatherheartfrance.com\\\/wp-content\\\/uploads\\\/2017\\\/02\\\/logo-3-e1488034589841.png\",\"contentUrl\":\"https:\\\/\\\/fatherheartfrance.com\\\/wp-content\\\/uploads\\\/2017\\\/02\\\/logo-3-e1488034589841.png\",\"width\":300,\"height\":82,\"caption\":\"fatherheartfrance\"},\"image\":{\"@id\":\"https:\\\/\\\/fatherheartfrance.com\\\/#\\\/schema\\\/logo\\\/image\\\/\"},\"sameAs\":[\"https:\\\/\\\/www.facebook.com\\\/ContactFHF\\\/\"]}]}<\/script>\n<!-- \/ Yoast SEO plugin. -->","yoast_head_json":{"title":"Qui sommes nous ? Exp\u00e9rimenter l'amour du p\u00e8re - Fatherheart France","robots":{"index":"index","follow":"follow","max-snippet":"max-snippet:-1","max-image-preview":"max-image-preview:large","max-video-preview":"max-video-preview:-1"},"canonical":"https:\/\/fatherheartfrance.com\/index.php\/a-propos\/","og_locale":"fr_FR","og_type":"article","og_title":"Qui sommes nous ? Exp\u00e9rimenter l'amour du p\u00e8re - Fatherheart France","og_description":"&nbsp; Tout a commenc\u00e9 apr\u00e8s un voyage \u00e0 Toronto en 2002. Fr\u00e9d\u00e9ric y a rencontr\u00e9, entre autres, Jack Winter, James Jordan et Jack Frost. Depuis ce temps, Fr\u00e9d\u00e9ric et sa femme Sylvie ont re\u00e7u la r\u00e9v\u00e9lation de l&rsquo;Amour du P\u00e8re et veulent la partager autour d&rsquo;eux. &nbsp; &nbsp; Une petite histoire pour nous introduire : Lire plus ...","og_url":"https:\/\/fatherheartfrance.com\/index.php\/a-propos\/","og_site_name":"Fatherheart - France","article_publisher":"https:\/\/www.facebook.com\/ContactFHF\/","article_modified_time":"2017-06-03T12:43:36+00:00","og_image":[{"width":1200,"height":514,"url":"https:\/\/fatherheartfrance.com\/wp-content\/uploads\/2017\/02\/slider1-1200x514.jpg","type":"image\/jpeg"}],"twitter_card":"summary_large_image","twitter_misc":{"Dur\u00e9e de lecture estim\u00e9e":"3 minutes"},"schema":{"@context":"https:\/\/schema.org","@graph":[{"@type":"WebPage","@id":"https:\/\/fatherheartfrance.com\/index.php\/a-propos\/","url":"https:\/\/fatherheartfrance.com\/index.php\/a-propos\/","name":"Qui sommes nous ? Exp\u00e9rimenter l'amour du p\u00e8re - Fatherheart France","isPartOf":{"@id":"https:\/\/fatherheartfrance.com\/#website"},"primaryImageOfPage":{"@id":"https:\/\/fatherheartfrance.com\/index.php\/a-propos\/#primaryimage"},"image":{"@id":"https:\/\/fatherheartfrance.com\/index.php\/a-propos\/#primaryimage"},"thumbnailUrl":"https:\/\/fatherheartfrance.com\/wp-content\/uploads\/2017\/02\/slider1-1200x514.jpg","datePublished":"2017-01-03T13:03:37+00:00","dateModified":"2017-06-03T12:43:36+00:00","breadcrumb":{"@id":"https:\/\/fatherheartfrance.com\/index.php\/a-propos\/#breadcrumb"},"inLanguage":"fr-FR","potentialAction":[{"@type":"ReadAction","target":["https:\/\/fatherheartfrance.com\/index.php\/a-propos\/"]}]},{"@type":"ImageObject","inLanguage":"fr-FR","@id":"https:\/\/fatherheartfrance.com\/index.php\/a-propos\/#primaryimage","url":"https:\/\/fatherheartfrance.com\/wp-content\/uploads\/2017\/02\/slider1-1200x514.jpg","contentUrl":"https:\/\/fatherheartfrance.com\/wp-content\/uploads\/2017\/02\/slider1-1200x514.jpg","width":1200,"height":514,"caption":"Exp\u00e9rimentez l'Amour du P\u00e8re - Fatherheart France"},{"@type":"BreadcrumbList","@id":"https:\/\/fatherheartfrance.com\/index.php\/a-propos\/#breadcrumb","itemListElement":[{"@type":"ListItem","position":1,"name":"Accueil","item":"https:\/\/fatherheartfrance.com\/"},{"@type":"ListItem","position":2,"name":"A propos de nous"}]},{"@type":"WebSite","@id":"https:\/\/fatherheartfrance.com\/#website","url":"https:\/\/fatherheartfrance.com\/","name":"Fatherheart - France","description":"Amour du P\u00e8re","publisher":{"@id":"https:\/\/fatherheartfrance.com\/#organization"},"potentialAction":[{"@type":"SearchAction","target":{"@type":"EntryPoint","urlTemplate":"https:\/\/fatherheartfrance.com\/?s={search_term_string}"},"query-input":{"@type":"PropertyValueSpecification","valueRequired":true,"valueName":"search_term_string"}}],"inLanguage":"fr-FR"},{"@type":"Organization","@id":"https:\/\/fatherheartfrance.com\/#organization","name":"fatherheartfrance","url":"https:\/\/fatherheartfrance.com\/","logo":{"@type":"ImageObject","inLanguage":"fr-FR","@id":"https:\/\/fatherheartfrance.com\/#\/schema\/logo\/image\/","url":"https:\/\/fatherheartfrance.com\/wp-content\/uploads\/2017\/02\/logo-3-e1488034589841.png","contentUrl":"https:\/\/fatherheartfrance.com\/wp-content\/uploads\/2017\/02\/logo-3-e1488034589841.png","width":300,"height":82,"caption":"fatherheartfrance"},"image":{"@id":"https:\/\/fatherheartfrance.com\/#\/schema\/logo\/image\/"},"sameAs":["https:\/\/www.facebook.com\/ContactFHF\/"]}]}},"_links":{"self":[{"href":"https:\/\/fatherheartfrance.com\/index.php\/wp-json\/wp\/v2\/pages\/7","targetHints":{"allow":["GET"]}}],"collection":[{"href":"https:\/\/fatherheartfrance.com\/index.php\/wp-json\/wp\/v2\/pages"}],"about":[{"href":"https:\/\/fatherheartfrance.com\/index.php\/wp-json\/wp\/v2\/types\/page"}],"author":[{"embeddable":true,"href":"https:\/\/fatherheartfrance.com\/index.php\/wp-json\/wp\/v2\/users\/1"}],"replies":[{"embeddable":true,"href":"https:\/\/fatherheartfrance.com\/index.php\/wp-json\/wp\/v2\/comments?post=7"}],"version-history":[{"count":5,"href":"https:\/\/fatherheartfrance.com\/index.php\/wp-json\/wp\/v2\/pages\/7\/revisions"}],"predecessor-version":[{"id":472,"href":"https:\/\/fatherheartfrance.com\/index.php\/wp-json\/wp\/v2\/pages\/7\/revisions\/472"}],"wp:featuredmedia":[{"embeddable":true,"href":"https:\/\/fatherheartfrance.com\/index.php\/wp-json\/wp\/v2\/media\/67"}],"wp:attachment":[{"href":"https:\/\/fatherheartfrance.com\/index.php\/wp-json\/wp\/v2\/media?parent=7"}],"curies":[{"name":"wp","href":"https:\/\/api.w.org\/{rel}","templated":true}]}}