{"id":59,"date":"2017-01-15T11:51:52","date_gmt":"2017-01-15T10:51:52","guid":{"rendered":"http:\/\/127.0.0.1\/church\/wordpress\/?page_id=59"},"modified":"2025-04-11T07:52:38","modified_gmt":"2025-04-11T05:52:38","slug":"liens","status":"publish","type":"page","link":"https:\/\/fatherheartfrance.com\/index.php\/liens\/","title":{"rendered":"Liens"},"content":{"rendered":"\n<p class=\"wp-block-paragraph\">&nbsp;CCE &#8211; La Rivi\u00e8re que vous pouvez retrouver tous les dimanches \u00e0 10h: <a href=\"https:\/\/cce-lariviere.com\">https:\/\/cce-lariviere.com <\/a><\/p>\n\n\n\n<figure class=\"wp-block-table\"><table><tbody><tr><td>James et Denise Jordan<\/td><td><a href=\"http:\/\/www.fatherheart.net\">www.fatherheart.net<\/a><\/td><\/tr><tr><td>Mark Gyde<\/td><td><a href=\"http:\/\/www.afathertoyou.com\">www.afathertoyou.com<\/a><\/td><\/tr><tr><td>Pekka et Marjut Rimpel\u00e4inen<\/td><td><a href=\"http:\/\/www.fhfinland.fi\">www.fhfinland.fi<\/a><\/td><\/tr><tr><td>Trevor et Linda Galpin<\/td><td><a href=\"http:\/\/www.trevorlindafhm.com\">www.trevorlindafhm.com<\/a><\/td><\/tr><tr><td>Olav et Unni Slatten<\/td><td><a href=\"http:\/\/www.fatherheart.no\">www.fatherheart.no<\/a><\/td><\/tr><tr><td>Hugo et Inger van Leemputten<\/td><td><a href=\"http:\/\/www.godsambassade.be\">www.godsambassade.be<\/a><\/td><\/tr><tr><td>Barry Adams<\/td><td><a href=\"http:\/\/www.fathersloveletter.com\">www.fathersloveletter.com<\/a><\/td><\/tr><tr><td>Hans et Bodil Fh\u00e6r &#8211; Danemark<\/td><td><a href=\"http:\/\/www.fatherheart.dk\">www.fatherheart.dk<\/a><\/td><\/tr><\/tbody><\/table><\/figure>\n\n\n\n<p class=\"wp-block-paragraph\"><\/p>\n","protected":false},"excerpt":{"rendered":"<p>&nbsp;CCE &#8211; La Rivi\u00e8re que vous pouvez retrouver tous les dimanches \u00e0 10h: https:\/\/cce-lariviere.com James et Denise Jordan www.fatherheart.net Mark Gyde www.afathertoyou.com Pekka et Marjut Rimpel\u00e4inen www.fhfinland.fi Trevor et Linda Galpin www.trevorlindafhm.com Olav et Unni Slatten www.fatherheart.no Hugo et Inger van Leemputten www.godsambassade.be Barry Adams www.fathersloveletter.com Hans et Bodil Fh\u00e6r &#8211; Danemark www.fatherheart.dk<\/p>\n","protected":false},"author":1,"featured_media":99,"parent":0,"menu_order":0,"comment_status":"closed","ping_status":"closed","template":"","meta":{"_crdt_document":"","_exactmetrics_skip_tracking":false,"_exactmetrics_sitenote_active":false,"_exactmetrics_sitenote_note":"","_exactmetrics_sitenote_category":0,"footnotes":""},"class_list":["post-59","page","type-page","status-publish","has-post-thumbnail","hentry"],"yoast_head":"<!-- This site is optimized with the Yoast SEO plugin v27.5 - https:\/\/yoast.com\/product\/yoast-seo-wordpress\/ -->\n<title>Liens importants de l&#039;association - Fatherheart France<\/title>\n<meta name=\"description\" content=\"Venez jeter un coup d\u2019\u0153il \u00e0 nos liens, collaborateurs et relations \u00e9troites du Fatherheart Ministries et autres associations Fatherheart autour du monde.\" \/>\n<meta name=\"robots\" content=\"index, follow, max-snippet:-1, max-image-preview:large, max-video-preview:-1\" \/>\n<link rel=\"canonical\" href=\"https:\/\/fatherheartfrance.com\/index.php\/liens\/\" \/>\n<meta property=\"og:locale\" content=\"fr_FR\" \/>\n<meta property=\"og:type\" content=\"article\" \/>\n<meta property=\"og:title\" content=\"Liens importants de l&#039;association - Fatherheart France\" \/>\n<meta property=\"og:description\" content=\"Venez jeter un coup d\u2019\u0153il \u00e0 nos liens, collaborateurs et relations \u00e9troites du Fatherheart Ministries et autres associations Fatherheart autour du monde.\" \/>\n<meta property=\"og:url\" content=\"https:\/\/fatherheartfrance.com\/index.php\/liens\/\" \/>\n<meta property=\"og:site_name\" content=\"Fatherheart - France\" \/>\n<meta property=\"article:publisher\" content=\"https:\/\/www.facebook.com\/ContactFHF\/\" \/>\n<meta property=\"article:modified_time\" content=\"2025-04-11T05:52:38+00:00\" \/>\n<meta property=\"og:image\" content=\"https:\/\/fatherheartfrance.com\/wp-content\/uploads\/2017\/01\/liens.jpg\" \/>\n\t<meta property=\"og:image:width\" content=\"1200\" \/>\n\t<meta property=\"og:image:height\" content=\"328\" \/>\n\t<meta property=\"og:image:type\" content=\"image\/jpeg\" \/>\n<meta name=\"twitter:card\" content=\"summary_large_image\" \/>\n<meta name=\"twitter:label1\" content=\"Dur\u00e9e de lecture estim\u00e9e\" \/>\n\t<meta name=\"twitter:data1\" content=\"1 minute\" \/>\n<script type=\"application\/ld+json\" class=\"yoast-schema-graph\">{\"@context\":\"https:\\\/\\\/schema.org\",\"@graph\":[{\"@type\":\"WebPage\",\"@id\":\"https:\\\/\\\/fatherheartfrance.com\\\/index.php\\\/liens\\\/\",\"url\":\"https:\\\/\\\/fatherheartfrance.com\\\/index.php\\\/liens\\\/\",\"name\":\"Liens importants de l'association - Fatherheart France\",\"isPartOf\":{\"@id\":\"https:\\\/\\\/fatherheartfrance.com\\\/#website\"},\"primaryImageOfPage\":{\"@id\":\"https:\\\/\\\/fatherheartfrance.com\\\/index.php\\\/liens\\\/#primaryimage\"},\"image\":{\"@id\":\"https:\\\/\\\/fatherheartfrance.com\\\/index.php\\\/liens\\\/#primaryimage\"},\"thumbnailUrl\":\"https:\\\/\\\/fatherheartfrance.com\\\/wp-content\\\/uploads\\\/2017\\\/01\\\/liens.jpg\",\"datePublished\":\"2017-01-15T10:51:52+00:00\",\"dateModified\":\"2025-04-11T05:52:38+00:00\",\"description\":\"Venez jeter un coup d\u2019\u0153il \u00e0 nos liens, collaborateurs et relations \u00e9troites du Fatherheart Ministries et autres associations Fatherheart autour du monde.\",\"breadcrumb\":{\"@id\":\"https:\\\/\\\/fatherheartfrance.com\\\/index.php\\\/liens\\\/#breadcrumb\"},\"inLanguage\":\"fr-FR\",\"potentialAction\":[{\"@type\":\"ReadAction\",\"target\":[\"https:\\\/\\\/fatherheartfrance.com\\\/index.php\\\/liens\\\/\"]}]},{\"@type\":\"ImageObject\",\"inLanguage\":\"fr-FR\",\"@id\":\"https:\\\/\\\/fatherheartfrance.com\\\/index.php\\\/liens\\\/#primaryimage\",\"url\":\"https:\\\/\\\/fatherheartfrance.com\\\/wp-content\\\/uploads\\\/2017\\\/01\\\/liens.jpg\",\"contentUrl\":\"https:\\\/\\\/fatherheartfrance.com\\\/wp-content\\\/uploads\\\/2017\\\/01\\\/liens.jpg\",\"width\":1200,\"height\":328,\"caption\":\"Liens - Fatherheart France\"},{\"@type\":\"BreadcrumbList\",\"@id\":\"https:\\\/\\\/fatherheartfrance.com\\\/index.php\\\/liens\\\/#breadcrumb\",\"itemListElement\":[{\"@type\":\"ListItem\",\"position\":1,\"name\":\"Accueil\",\"item\":\"https:\\\/\\\/fatherheartfrance.com\\\/\"},{\"@type\":\"ListItem\",\"position\":2,\"name\":\"Liens\"}]},{\"@type\":\"WebSite\",\"@id\":\"https:\\\/\\\/fatherheartfrance.com\\\/#website\",\"url\":\"https:\\\/\\\/fatherheartfrance.com\\\/\",\"name\":\"Fatherheart - France\",\"description\":\"Amour du P\u00e8re\",\"publisher\":{\"@id\":\"https:\\\/\\\/fatherheartfrance.com\\\/#organization\"},\"potentialAction\":[{\"@type\":\"SearchAction\",\"target\":{\"@type\":\"EntryPoint\",\"urlTemplate\":\"https:\\\/\\\/fatherheartfrance.com\\\/?s={search_term_string}\"},\"query-input\":{\"@type\":\"PropertyValueSpecification\",\"valueRequired\":true,\"valueName\":\"search_term_string\"}}],\"inLanguage\":\"fr-FR\"},{\"@type\":\"Organization\",\"@id\":\"https:\\\/\\\/fatherheartfrance.com\\\/#organization\",\"name\":\"fatherheartfrance\",\"url\":\"https:\\\/\\\/fatherheartfrance.com\\\/\",\"logo\":{\"@type\":\"ImageObject\",\"inLanguage\":\"fr-FR\",\"@id\":\"https:\\\/\\\/fatherheartfrance.com\\\/#\\\/schema\\\/logo\\\/image\\\/\",\"url\":\"https:\\\/\\\/fatherheartfrance.com\\\/wp-content\\\/uploads\\\/2017\\\/02\\\/logo-3-e1488034589841.png\",\"contentUrl\":\"https:\\\/\\\/fatherheartfrance.com\\\/wp-content\\\/uploads\\\/2017\\\/02\\\/logo-3-e1488034589841.png\",\"width\":300,\"height\":82,\"caption\":\"fatherheartfrance\"},\"image\":{\"@id\":\"https:\\\/\\\/fatherheartfrance.com\\\/#\\\/schema\\\/logo\\\/image\\\/\"},\"sameAs\":[\"https:\\\/\\\/www.facebook.com\\\/ContactFHF\\\/\"]}]}<\/script>\n<!-- \/ Yoast SEO plugin. -->","yoast_head_json":{"title":"Liens importants de l'association - Fatherheart France","description":"Venez jeter un coup d\u2019\u0153il \u00e0 nos liens, collaborateurs et relations \u00e9troites du Fatherheart Ministries et autres associations Fatherheart autour du monde.","robots":{"index":"index","follow":"follow","max-snippet":"max-snippet:-1","max-image-preview":"max-image-preview:large","max-video-preview":"max-video-preview:-1"},"canonical":"https:\/\/fatherheartfrance.com\/index.php\/liens\/","og_locale":"fr_FR","og_type":"article","og_title":"Liens importants de l'association - Fatherheart France","og_description":"Venez jeter un coup d\u2019\u0153il \u00e0 nos liens, collaborateurs et relations \u00e9troites du Fatherheart Ministries et autres associations Fatherheart autour du monde.","og_url":"https:\/\/fatherheartfrance.com\/index.php\/liens\/","og_site_name":"Fatherheart - France","article_publisher":"https:\/\/www.facebook.com\/ContactFHF\/","article_modified_time":"2025-04-11T05:52:38+00:00","og_image":[{"width":1200,"height":328,"url":"https:\/\/fatherheartfrance.com\/wp-content\/uploads\/2017\/01\/liens.jpg","type":"image\/jpeg"}],"twitter_card":"summary_large_image","twitter_misc":{"Dur\u00e9e de lecture estim\u00e9e":"1 minute"},"schema":{"@context":"https:\/\/schema.org","@graph":[{"@type":"WebPage","@id":"https:\/\/fatherheartfrance.com\/index.php\/liens\/","url":"https:\/\/fatherheartfrance.com\/index.php\/liens\/","name":"Liens importants de l'association - Fatherheart France","isPartOf":{"@id":"https:\/\/fatherheartfrance.com\/#website"},"primaryImageOfPage":{"@id":"https:\/\/fatherheartfrance.com\/index.php\/liens\/#primaryimage"},"image":{"@id":"https:\/\/fatherheartfrance.com\/index.php\/liens\/#primaryimage"},"thumbnailUrl":"https:\/\/fatherheartfrance.com\/wp-content\/uploads\/2017\/01\/liens.jpg","datePublished":"2017-01-15T10:51:52+00:00","dateModified":"2025-04-11T05:52:38+00:00","description":"Venez jeter un coup d\u2019\u0153il \u00e0 nos liens, collaborateurs et relations \u00e9troites du Fatherheart Ministries et autres associations Fatherheart autour du monde.","breadcrumb":{"@id":"https:\/\/fatherheartfrance.com\/index.php\/liens\/#breadcrumb"},"inLanguage":"fr-FR","potentialAction":[{"@type":"ReadAction","target":["https:\/\/fatherheartfrance.com\/index.php\/liens\/"]}]},{"@type":"ImageObject","inLanguage":"fr-FR","@id":"https:\/\/fatherheartfrance.com\/index.php\/liens\/#primaryimage","url":"https:\/\/fatherheartfrance.com\/wp-content\/uploads\/2017\/01\/liens.jpg","contentUrl":"https:\/\/fatherheartfrance.com\/wp-content\/uploads\/2017\/01\/liens.jpg","width":1200,"height":328,"caption":"Liens - Fatherheart France"},{"@type":"BreadcrumbList","@id":"https:\/\/fatherheartfrance.com\/index.php\/liens\/#breadcrumb","itemListElement":[{"@type":"ListItem","position":1,"name":"Accueil","item":"https:\/\/fatherheartfrance.com\/"},{"@type":"ListItem","position":2,"name":"Liens"}]},{"@type":"WebSite","@id":"https:\/\/fatherheartfrance.com\/#website","url":"https:\/\/fatherheartfrance.com\/","name":"Fatherheart - France","description":"Amour du P\u00e8re","publisher":{"@id":"https:\/\/fatherheartfrance.com\/#organization"},"potentialAction":[{"@type":"SearchAction","target":{"@type":"EntryPoint","urlTemplate":"https:\/\/fatherheartfrance.com\/?s={search_term_string}"},"query-input":{"@type":"PropertyValueSpecification","valueRequired":true,"valueName":"search_term_string"}}],"inLanguage":"fr-FR"},{"@type":"Organization","@id":"https:\/\/fatherheartfrance.com\/#organization","name":"fatherheartfrance","url":"https:\/\/fatherheartfrance.com\/","logo":{"@type":"ImageObject","inLanguage":"fr-FR","@id":"https:\/\/fatherheartfrance.com\/#\/schema\/logo\/image\/","url":"https:\/\/fatherheartfrance.com\/wp-content\/uploads\/2017\/02\/logo-3-e1488034589841.png","contentUrl":"https:\/\/fatherheartfrance.com\/wp-content\/uploads\/2017\/02\/logo-3-e1488034589841.png","width":300,"height":82,"caption":"fatherheartfrance"},"image":{"@id":"https:\/\/fatherheartfrance.com\/#\/schema\/logo\/image\/"},"sameAs":["https:\/\/www.facebook.com\/ContactFHF\/"]}]}},"_links":{"self":[{"href":"https:\/\/fatherheartfrance.com\/index.php\/wp-json\/wp\/v2\/pages\/59","targetHints":{"allow":["GET"]}}],"collection":[{"href":"https:\/\/fatherheartfrance.com\/index.php\/wp-json\/wp\/v2\/pages"}],"about":[{"href":"https:\/\/fatherheartfrance.com\/index.php\/wp-json\/wp\/v2\/types\/page"}],"author":[{"embeddable":true,"href":"https:\/\/fatherheartfrance.com\/index.php\/wp-json\/wp\/v2\/users\/1"}],"replies":[{"embeddable":true,"href":"https:\/\/fatherheartfrance.com\/index.php\/wp-json\/wp\/v2\/comments?post=59"}],"version-history":[{"count":5,"href":"https:\/\/fatherheartfrance.com\/index.php\/wp-json\/wp\/v2\/pages\/59\/revisions"}],"predecessor-version":[{"id":2178,"href":"https:\/\/fatherheartfrance.com\/index.php\/wp-json\/wp\/v2\/pages\/59\/revisions\/2178"}],"wp:featuredmedia":[{"embeddable":true,"href":"https:\/\/fatherheartfrance.com\/index.php\/wp-json\/wp\/v2\/media\/99"}],"wp:attachment":[{"href":"https:\/\/fatherheartfrance.com\/index.php\/wp-json\/wp\/v2\/media?parent=59"}],"curies":[{"name":"wp","href":"https:\/\/api.w.org\/{rel}","templated":true}]}}