{"id":45,"date":"2017-01-03T15:17:53","date_gmt":"2017-01-03T14:17:53","guid":{"rendered":"http:\/\/127.0.0.1\/church\/wordpress\/?page_id=45"},"modified":"2025-11-05T16:08:24","modified_gmt":"2025-11-05T15:08:24","slug":"dons","status":"publish","type":"page","link":"https:\/\/fatherheartfrance.com\/index.php\/dons\/","title":{"rendered":"Dons"},"content":{"rendered":"<h2>Comment \u00e7a se passe ?<\/h2>\n<p>Fatherheart &#8211; France est une association \u00e0 but non lucratif dont l&rsquo;objet est de montrer le chemin vers Notre P\u00e8re et de soutenir la r\u00e9v\u00e9lation qu&rsquo;Il souhaite apporter \u00e0 ses enfants&#8230; \u00ab\u00a0<em>Personne ne conna\u00eet le P\u00e8re si ce n&rsquo;est le Fils et celui \u00e0 qui Il veut le r\u00e9v\u00e9ler<\/em>\u00ab\u00a0&#8230; Heureusement pour l&rsquo;humanit\u00e9 toute enti\u00e8re \u00ab\u00a0<em>Jesus est le chemin, la v\u00e9rit\u00e9 et la vie<\/em>\u00ab\u00a0, un chemin qui m\u00e8ne au P\u00e8re. Heureusement pour chaque \u00eatre humain : le \u00ab\u00a0<em>job<\/em>\u00a0\u00bb de J\u00e9sus, son \u00ab\u00a0<em>business<\/em>\u00a0\u00bb au milieu de nous est de r\u00e9v\u00e9ler le P\u00e8re ! Afin que les yeux et les oreilles de notre coeur s&rsquo;ouvrent pour voir et entendre.<\/p>\n<p><strong>Si vous souhaitez faire partie de l&rsquo;aventure et participer, vous pouvez soutenir cette \u0153uvre par vos dons.<\/strong> Les dons serviront \u00e0 financer les \u00e9v\u00e8nements pr\u00e9sent\u00e9s sur le site.<\/p>\n<h2>Comment donner ?<\/h2>\n<p>Veuillez utiliser une des m\u00e9thodes d\u00e9crites ci-dessous\u00a0 :<\/p>\n<ul>\n<li style=\"list-style-type: none;\">\n<ul>\n<li><strong>Par Carte Bleue au travers du site\u00a0<\/strong>de l&rsquo;association HelloAsso :\u00a0<\/li>\n<\/ul>\n<\/li>\n<\/ul>\n<p><iframe id=\"haWidget\" style=\"width: 100%; height: 70px; border: none;\" src=\"https:\/\/www.helloasso.com\/associations\/fatherheart-france\/formulaires\/1\/widget-bouton\"><\/iframe><\/p>\n<ul>\n<li><strong>Par virement bancaire<\/strong>.\n<div>IBAN (International Bank Account Number) : FR76 1027 8022 1800 0204 3080 123<\/div>\n<div>BIC (Bank Identifier Code) : CMCIFR2A<\/div>\n<\/li>\n<\/ul>\n\n\n<p class=\"wp-block-paragraph\">Par avance MERCI<br><\/p>\n","protected":false},"excerpt":{"rendered":"<p>Comment \u00e7a se passe ? Fatherheart &#8211; France est une association \u00e0 but non lucratif dont l&rsquo;objet est de montrer le chemin vers Notre P\u00e8re et de soutenir la r\u00e9v\u00e9lation qu&rsquo;Il souhaite apporter \u00e0 ses enfants&#8230; \u00ab\u00a0Personne ne conna\u00eet le P\u00e8re si ce n&rsquo;est le Fils et celui \u00e0 qui Il veut le r\u00e9v\u00e9ler\u00ab\u00a0&#8230; Heureusement <a class=\"more-link\" href=\"https:\/\/fatherheartfrance.com\/index.php\/dons\/\">Lire plus &#8230;<\/a><\/p>\n","protected":false},"author":1,"featured_media":97,"parent":0,"menu_order":0,"comment_status":"closed","ping_status":"closed","template":"","meta":{"_crdt_document":"","_exactmetrics_skip_tracking":false,"_exactmetrics_sitenote_active":false,"_exactmetrics_sitenote_note":"","_exactmetrics_sitenote_category":0,"footnotes":""},"class_list":["post-45","page","type-page","status-publish","has-post-thumbnail","hentry"],"yoast_head":"<!-- This site is optimized with the Yoast SEO plugin v27.5 - https:\/\/yoast.com\/product\/yoast-seo-wordpress\/ -->\n<title>Dons - Fatherheart - France<\/title>\n<meta name=\"robots\" content=\"index, follow, max-snippet:-1, max-image-preview:large, max-video-preview:-1\" \/>\n<link rel=\"canonical\" href=\"https:\/\/fatherheartfrance.com\/index.php\/dons\/\" \/>\n<meta property=\"og:locale\" content=\"fr_FR\" \/>\n<meta property=\"og:type\" content=\"article\" \/>\n<meta property=\"og:title\" content=\"Dons - Fatherheart - France\" \/>\n<meta property=\"og:description\" content=\"Comment \u00e7a se passe ? Fatherheart &#8211; France est une association \u00e0 but non lucratif dont l&rsquo;objet est de montrer le chemin vers Notre P\u00e8re et de soutenir la r\u00e9v\u00e9lation qu&rsquo;Il souhaite apporter \u00e0 ses enfants&#8230; \u00ab\u00a0Personne ne conna\u00eet le P\u00e8re si ce n&rsquo;est le Fils et celui \u00e0 qui Il veut le r\u00e9v\u00e9ler\u00ab\u00a0&#8230; Heureusement Lire plus ...\" \/>\n<meta property=\"og:url\" content=\"https:\/\/fatherheartfrance.com\/index.php\/dons\/\" \/>\n<meta property=\"og:site_name\" content=\"Fatherheart - France\" \/>\n<meta property=\"article:publisher\" content=\"https:\/\/www.facebook.com\/ContactFHF\/\" \/>\n<meta property=\"article:modified_time\" content=\"2025-11-05T15:08:24+00:00\" \/>\n<meta property=\"og:image\" content=\"https:\/\/fatherheartfrance.com\/wp-content\/uploads\/2017\/01\/Dons.jpg\" \/>\n\t<meta property=\"og:image:width\" content=\"1200\" \/>\n\t<meta property=\"og:image:height\" content=\"328\" \/>\n\t<meta property=\"og:image:type\" content=\"image\/jpeg\" \/>\n<meta name=\"twitter:card\" content=\"summary_large_image\" \/>\n<meta name=\"twitter:label1\" content=\"Dur\u00e9e de lecture estim\u00e9e\" \/>\n\t<meta name=\"twitter:data1\" content=\"2 minutes\" \/>\n<script type=\"application\/ld+json\" class=\"yoast-schema-graph\">{\"@context\":\"https:\\\/\\\/schema.org\",\"@graph\":[{\"@type\":\"WebPage\",\"@id\":\"https:\\\/\\\/fatherheartfrance.com\\\/index.php\\\/dons\\\/\",\"url\":\"https:\\\/\\\/fatherheartfrance.com\\\/index.php\\\/dons\\\/\",\"name\":\"Dons - Fatherheart - France\",\"isPartOf\":{\"@id\":\"https:\\\/\\\/fatherheartfrance.com\\\/#website\"},\"primaryImageOfPage\":{\"@id\":\"https:\\\/\\\/fatherheartfrance.com\\\/index.php\\\/dons\\\/#primaryimage\"},\"image\":{\"@id\":\"https:\\\/\\\/fatherheartfrance.com\\\/index.php\\\/dons\\\/#primaryimage\"},\"thumbnailUrl\":\"https:\\\/\\\/fatherheartfrance.com\\\/wp-content\\\/uploads\\\/2017\\\/01\\\/Dons.jpg\",\"datePublished\":\"2017-01-03T14:17:53+00:00\",\"dateModified\":\"2025-11-05T15:08:24+00:00\",\"breadcrumb\":{\"@id\":\"https:\\\/\\\/fatherheartfrance.com\\\/index.php\\\/dons\\\/#breadcrumb\"},\"inLanguage\":\"fr-FR\",\"potentialAction\":[{\"@type\":\"ReadAction\",\"target\":[\"https:\\\/\\\/fatherheartfrance.com\\\/index.php\\\/dons\\\/\"]}]},{\"@type\":\"ImageObject\",\"inLanguage\":\"fr-FR\",\"@id\":\"https:\\\/\\\/fatherheartfrance.com\\\/index.php\\\/dons\\\/#primaryimage\",\"url\":\"https:\\\/\\\/fatherheartfrance.com\\\/wp-content\\\/uploads\\\/2017\\\/01\\\/Dons.jpg\",\"contentUrl\":\"https:\\\/\\\/fatherheartfrance.com\\\/wp-content\\\/uploads\\\/2017\\\/01\\\/Dons.jpg\",\"width\":1200,\"height\":328,\"caption\":\"Dons - Fatherheart France\"},{\"@type\":\"BreadcrumbList\",\"@id\":\"https:\\\/\\\/fatherheartfrance.com\\\/index.php\\\/dons\\\/#breadcrumb\",\"itemListElement\":[{\"@type\":\"ListItem\",\"position\":1,\"name\":\"Accueil\",\"item\":\"https:\\\/\\\/fatherheartfrance.com\\\/\"},{\"@type\":\"ListItem\",\"position\":2,\"name\":\"Dons\"}]},{\"@type\":\"WebSite\",\"@id\":\"https:\\\/\\\/fatherheartfrance.com\\\/#website\",\"url\":\"https:\\\/\\\/fatherheartfrance.com\\\/\",\"name\":\"Fatherheart - France\",\"description\":\"Amour du P\u00e8re\",\"publisher\":{\"@id\":\"https:\\\/\\\/fatherheartfrance.com\\\/#organization\"},\"potentialAction\":[{\"@type\":\"SearchAction\",\"target\":{\"@type\":\"EntryPoint\",\"urlTemplate\":\"https:\\\/\\\/fatherheartfrance.com\\\/?s={search_term_string}\"},\"query-input\":{\"@type\":\"PropertyValueSpecification\",\"valueRequired\":true,\"valueName\":\"search_term_string\"}}],\"inLanguage\":\"fr-FR\"},{\"@type\":\"Organization\",\"@id\":\"https:\\\/\\\/fatherheartfrance.com\\\/#organization\",\"name\":\"fatherheartfrance\",\"url\":\"https:\\\/\\\/fatherheartfrance.com\\\/\",\"logo\":{\"@type\":\"ImageObject\",\"inLanguage\":\"fr-FR\",\"@id\":\"https:\\\/\\\/fatherheartfrance.com\\\/#\\\/schema\\\/logo\\\/image\\\/\",\"url\":\"https:\\\/\\\/fatherheartfrance.com\\\/wp-content\\\/uploads\\\/2017\\\/02\\\/logo-3-e1488034589841.png\",\"contentUrl\":\"https:\\\/\\\/fatherheartfrance.com\\\/wp-content\\\/uploads\\\/2017\\\/02\\\/logo-3-e1488034589841.png\",\"width\":300,\"height\":82,\"caption\":\"fatherheartfrance\"},\"image\":{\"@id\":\"https:\\\/\\\/fatherheartfrance.com\\\/#\\\/schema\\\/logo\\\/image\\\/\"},\"sameAs\":[\"https:\\\/\\\/www.facebook.com\\\/ContactFHF\\\/\"]}]}<\/script>\n<!-- \/ Yoast SEO plugin. -->","yoast_head_json":{"title":"Dons - Fatherheart - France","robots":{"index":"index","follow":"follow","max-snippet":"max-snippet:-1","max-image-preview":"max-image-preview:large","max-video-preview":"max-video-preview:-1"},"canonical":"https:\/\/fatherheartfrance.com\/index.php\/dons\/","og_locale":"fr_FR","og_type":"article","og_title":"Dons - Fatherheart - France","og_description":"Comment \u00e7a se passe ? Fatherheart &#8211; France est une association \u00e0 but non lucratif dont l&rsquo;objet est de montrer le chemin vers Notre P\u00e8re et de soutenir la r\u00e9v\u00e9lation qu&rsquo;Il souhaite apporter \u00e0 ses enfants&#8230; \u00ab\u00a0Personne ne conna\u00eet le P\u00e8re si ce n&rsquo;est le Fils et celui \u00e0 qui Il veut le r\u00e9v\u00e9ler\u00ab\u00a0&#8230; Heureusement Lire plus ...","og_url":"https:\/\/fatherheartfrance.com\/index.php\/dons\/","og_site_name":"Fatherheart - France","article_publisher":"https:\/\/www.facebook.com\/ContactFHF\/","article_modified_time":"2025-11-05T15:08:24+00:00","og_image":[{"width":1200,"height":328,"url":"https:\/\/fatherheartfrance.com\/wp-content\/uploads\/2017\/01\/Dons.jpg","type":"image\/jpeg"}],"twitter_card":"summary_large_image","twitter_misc":{"Dur\u00e9e de lecture estim\u00e9e":"2 minutes"},"schema":{"@context":"https:\/\/schema.org","@graph":[{"@type":"WebPage","@id":"https:\/\/fatherheartfrance.com\/index.php\/dons\/","url":"https:\/\/fatherheartfrance.com\/index.php\/dons\/","name":"Dons - Fatherheart - France","isPartOf":{"@id":"https:\/\/fatherheartfrance.com\/#website"},"primaryImageOfPage":{"@id":"https:\/\/fatherheartfrance.com\/index.php\/dons\/#primaryimage"},"image":{"@id":"https:\/\/fatherheartfrance.com\/index.php\/dons\/#primaryimage"},"thumbnailUrl":"https:\/\/fatherheartfrance.com\/wp-content\/uploads\/2017\/01\/Dons.jpg","datePublished":"2017-01-03T14:17:53+00:00","dateModified":"2025-11-05T15:08:24+00:00","breadcrumb":{"@id":"https:\/\/fatherheartfrance.com\/index.php\/dons\/#breadcrumb"},"inLanguage":"fr-FR","potentialAction":[{"@type":"ReadAction","target":["https:\/\/fatherheartfrance.com\/index.php\/dons\/"]}]},{"@type":"ImageObject","inLanguage":"fr-FR","@id":"https:\/\/fatherheartfrance.com\/index.php\/dons\/#primaryimage","url":"https:\/\/fatherheartfrance.com\/wp-content\/uploads\/2017\/01\/Dons.jpg","contentUrl":"https:\/\/fatherheartfrance.com\/wp-content\/uploads\/2017\/01\/Dons.jpg","width":1200,"height":328,"caption":"Dons - Fatherheart France"},{"@type":"BreadcrumbList","@id":"https:\/\/fatherheartfrance.com\/index.php\/dons\/#breadcrumb","itemListElement":[{"@type":"ListItem","position":1,"name":"Accueil","item":"https:\/\/fatherheartfrance.com\/"},{"@type":"ListItem","position":2,"name":"Dons"}]},{"@type":"WebSite","@id":"https:\/\/fatherheartfrance.com\/#website","url":"https:\/\/fatherheartfrance.com\/","name":"Fatherheart - France","description":"Amour du P\u00e8re","publisher":{"@id":"https:\/\/fatherheartfrance.com\/#organization"},"potentialAction":[{"@type":"SearchAction","target":{"@type":"EntryPoint","urlTemplate":"https:\/\/fatherheartfrance.com\/?s={search_term_string}"},"query-input":{"@type":"PropertyValueSpecification","valueRequired":true,"valueName":"search_term_string"}}],"inLanguage":"fr-FR"},{"@type":"Organization","@id":"https:\/\/fatherheartfrance.com\/#organization","name":"fatherheartfrance","url":"https:\/\/fatherheartfrance.com\/","logo":{"@type":"ImageObject","inLanguage":"fr-FR","@id":"https:\/\/fatherheartfrance.com\/#\/schema\/logo\/image\/","url":"https:\/\/fatherheartfrance.com\/wp-content\/uploads\/2017\/02\/logo-3-e1488034589841.png","contentUrl":"https:\/\/fatherheartfrance.com\/wp-content\/uploads\/2017\/02\/logo-3-e1488034589841.png","width":300,"height":82,"caption":"fatherheartfrance"},"image":{"@id":"https:\/\/fatherheartfrance.com\/#\/schema\/logo\/image\/"},"sameAs":["https:\/\/www.facebook.com\/ContactFHF\/"]}]}},"_links":{"self":[{"href":"https:\/\/fatherheartfrance.com\/index.php\/wp-json\/wp\/v2\/pages\/45","targetHints":{"allow":["GET"]}}],"collection":[{"href":"https:\/\/fatherheartfrance.com\/index.php\/wp-json\/wp\/v2\/pages"}],"about":[{"href":"https:\/\/fatherheartfrance.com\/index.php\/wp-json\/wp\/v2\/types\/page"}],"author":[{"embeddable":true,"href":"https:\/\/fatherheartfrance.com\/index.php\/wp-json\/wp\/v2\/users\/1"}],"replies":[{"embeddable":true,"href":"https:\/\/fatherheartfrance.com\/index.php\/wp-json\/wp\/v2\/comments?post=45"}],"version-history":[{"count":5,"href":"https:\/\/fatherheartfrance.com\/index.php\/wp-json\/wp\/v2\/pages\/45\/revisions"}],"predecessor-version":[{"id":2233,"href":"https:\/\/fatherheartfrance.com\/index.php\/wp-json\/wp\/v2\/pages\/45\/revisions\/2233"}],"wp:featuredmedia":[{"embeddable":true,"href":"https:\/\/fatherheartfrance.com\/index.php\/wp-json\/wp\/v2\/media\/97"}],"wp:attachment":[{"href":"https:\/\/fatherheartfrance.com\/index.php\/wp-json\/wp\/v2\/media?parent=45"}],"curies":[{"name":"wp","href":"https:\/\/api.w.org\/{rel}","templated":true}]}}