{"id":424,"date":"2017-06-02T21:29:10","date_gmt":"2017-06-02T19:29:10","guid":{"rendered":"https:\/\/fatherheartfrance.com\/?page_id=424"},"modified":"2025-11-05T16:15:43","modified_gmt":"2025-11-05T15:15:43","slug":"reunion-hebdomadaire-dimanche-matin-a-saint-orens-de-gameville","status":"publish","type":"page","link":"https:\/\/fatherheartfrance.com\/index.php\/nos-propositions\/reunion-hebdomadaire-dimanche-matin-a-saint-orens-de-gameville\/","title":{"rendered":"R\u00e9union hebdomadaire &#8211; Dimanche matin \u00e0 L\u00e9on"},"content":{"rendered":"<p style=\"text-align: left;\">Nous aimerions <strong>vous inviter \u00e0 notre r\u00e9union les 1er et 3\u00e8me dimanche matin du mois<\/strong>, entre <strong>10h et midi<\/strong>, route de la Nasse \u00e0 L\u00e9on.<\/p>\n<p>C\u2019est un temps pour ceux qui cherchent \u00e0 <strong>vivre et approfondir la r\u00e9v\u00e9lation de l&rsquo;Amour du P\u00e8re<\/strong>.<br \/>\nNous esp\u00e9rons que ces rencontres nous donneront l&rsquo;occasion de d\u00e9velopper des relations et d&rsquo;exp\u00e9rimenter davantage l&rsquo;Amour de Notre P\u00e8re.<\/p>\n<p>Nous voulons que ces moments soient des temps pour nous encourager mutuellement sur notre chemin dans cette r\u00e9v\u00e9lation.<\/p>\n<p>Ces r\u00e9unions se d\u00e9roulent dans une ambiance d\u00e9contract\u00e9e avec un temps d\u2019\u00e9change, des t\u00e9moignages, des enseignements, des chants \u00ab\u00a0<em><strong>gospel\u00a0<\/strong><\/em>\u00bb et des temps de \u00ab\u00a0<em><strong>soaking\u00a0<\/strong><\/em>\u00bb.<\/p>\n<p>Elles sont ouvertes \u00e0 toutes les personnes qui ont faim de plus\u00a0!<\/p>\n<p>\u00c0 bient\u00f4t !<\/p>\n<p><em>N&rsquo;h\u00e9sitez pas \u00e0 prendre contact en remplissant le formulaire de contact <a href=\"https:\/\/fatherheartfrance.com\/index.php\/contactez-nous-2\/\">ICI<\/a> pour obtenir l\u2019adresse exacte.<\/em><\/p>\n","protected":false},"excerpt":{"rendered":"<p>Nous aimerions vous inviter \u00e0 notre r\u00e9union les 1er et 3\u00e8me dimanche matin du mois, entre 10h et midi, route de la Nasse \u00e0 L\u00e9on. C\u2019est un temps pour ceux qui cherchent \u00e0 vivre et approfondir la r\u00e9v\u00e9lation de l&rsquo;Amour du P\u00e8re. Nous esp\u00e9rons que ces rencontres nous donneront l&rsquo;occasion de d\u00e9velopper des relations et <a class=\"more-link\" href=\"https:\/\/fatherheartfrance.com\/index.php\/nos-propositions\/reunion-hebdomadaire-dimanche-matin-a-saint-orens-de-gameville\/\">Lire plus &#8230;<\/a><\/p>\n","protected":false},"author":3,"featured_media":463,"parent":72,"menu_order":0,"comment_status":"closed","ping_status":"closed","template":"","meta":{"_crdt_document":"","_exactmetrics_skip_tracking":false,"_exactmetrics_sitenote_active":false,"_exactmetrics_sitenote_note":"","_exactmetrics_sitenote_category":0,"footnotes":""},"class_list":["post-424","page","type-page","status-publish","has-post-thumbnail","hentry"],"yoast_head":"<!-- This site is optimized with the Yoast SEO plugin v27.5 - https:\/\/yoast.com\/product\/yoast-seo-wordpress\/ -->\n<title>R\u00e9union hebdomadaire - Dimanche matin \u00e0 L\u00e9on - Fatherheart - France<\/title>\n<meta name=\"robots\" content=\"index, follow, max-snippet:-1, max-image-preview:large, max-video-preview:-1\" \/>\n<link rel=\"canonical\" href=\"https:\/\/fatherheartfrance.com\/index.php\/nos-propositions\/reunion-hebdomadaire-dimanche-matin-a-saint-orens-de-gameville\/\" \/>\n<meta property=\"og:locale\" content=\"fr_FR\" \/>\n<meta property=\"og:type\" content=\"article\" \/>\n<meta property=\"og:title\" content=\"R\u00e9union hebdomadaire - Dimanche matin \u00e0 L\u00e9on - Fatherheart - France\" \/>\n<meta property=\"og:description\" content=\"Nous aimerions vous inviter \u00e0 notre r\u00e9union les 1er et 3\u00e8me dimanche matin du mois, entre 10h et midi, route de la Nasse \u00e0 L\u00e9on. C\u2019est un temps pour ceux qui cherchent \u00e0 vivre et approfondir la r\u00e9v\u00e9lation de l&rsquo;Amour du P\u00e8re. Nous esp\u00e9rons que ces rencontres nous donneront l&rsquo;occasion de d\u00e9velopper des relations et Lire plus ...\" \/>\n<meta property=\"og:url\" content=\"https:\/\/fatherheartfrance.com\/index.php\/nos-propositions\/reunion-hebdomadaire-dimanche-matin-a-saint-orens-de-gameville\/\" \/>\n<meta property=\"og:site_name\" content=\"Fatherheart - France\" \/>\n<meta property=\"article:publisher\" content=\"https:\/\/www.facebook.com\/ContactFHF\/\" \/>\n<meta property=\"article:modified_time\" content=\"2025-11-05T15:15:43+00:00\" \/>\n<meta property=\"og:image\" content=\"https:\/\/fatherheartfrance.com\/wp-content\/uploads\/2017\/06\/family-2112266_1280-1200x328-1.png\" \/>\n\t<meta property=\"og:image:width\" content=\"1200\" \/>\n\t<meta property=\"og:image:height\" content=\"328\" \/>\n\t<meta property=\"og:image:type\" content=\"image\/png\" \/>\n<meta name=\"twitter:card\" content=\"summary_large_image\" \/>\n<meta name=\"twitter:label1\" content=\"Dur\u00e9e de lecture estim\u00e9e\" \/>\n\t<meta name=\"twitter:data1\" content=\"1 minute\" \/>\n<script type=\"application\/ld+json\" class=\"yoast-schema-graph\">{\"@context\":\"https:\\\/\\\/schema.org\",\"@graph\":[{\"@type\":\"WebPage\",\"@id\":\"https:\\\/\\\/fatherheartfrance.com\\\/index.php\\\/nos-propositions\\\/reunion-hebdomadaire-dimanche-matin-a-saint-orens-de-gameville\\\/\",\"url\":\"https:\\\/\\\/fatherheartfrance.com\\\/index.php\\\/nos-propositions\\\/reunion-hebdomadaire-dimanche-matin-a-saint-orens-de-gameville\\\/\",\"name\":\"R\u00e9union hebdomadaire - Dimanche matin \u00e0 L\u00e9on - Fatherheart - France\",\"isPartOf\":{\"@id\":\"https:\\\/\\\/fatherheartfrance.com\\\/#website\"},\"primaryImageOfPage\":{\"@id\":\"https:\\\/\\\/fatherheartfrance.com\\\/index.php\\\/nos-propositions\\\/reunion-hebdomadaire-dimanche-matin-a-saint-orens-de-gameville\\\/#primaryimage\"},\"image\":{\"@id\":\"https:\\\/\\\/fatherheartfrance.com\\\/index.php\\\/nos-propositions\\\/reunion-hebdomadaire-dimanche-matin-a-saint-orens-de-gameville\\\/#primaryimage\"},\"thumbnailUrl\":\"https:\\\/\\\/fatherheartfrance.com\\\/wp-content\\\/uploads\\\/2017\\\/06\\\/family-2112266_1280-1200x328-1.png\",\"datePublished\":\"2017-06-02T19:29:10+00:00\",\"dateModified\":\"2025-11-05T15:15:43+00:00\",\"breadcrumb\":{\"@id\":\"https:\\\/\\\/fatherheartfrance.com\\\/index.php\\\/nos-propositions\\\/reunion-hebdomadaire-dimanche-matin-a-saint-orens-de-gameville\\\/#breadcrumb\"},\"inLanguage\":\"fr-FR\",\"potentialAction\":[{\"@type\":\"ReadAction\",\"target\":[\"https:\\\/\\\/fatherheartfrance.com\\\/index.php\\\/nos-propositions\\\/reunion-hebdomadaire-dimanche-matin-a-saint-orens-de-gameville\\\/\"]}]},{\"@type\":\"ImageObject\",\"inLanguage\":\"fr-FR\",\"@id\":\"https:\\\/\\\/fatherheartfrance.com\\\/index.php\\\/nos-propositions\\\/reunion-hebdomadaire-dimanche-matin-a-saint-orens-de-gameville\\\/#primaryimage\",\"url\":\"https:\\\/\\\/fatherheartfrance.com\\\/wp-content\\\/uploads\\\/2017\\\/06\\\/family-2112266_1280-1200x328-1.png\",\"contentUrl\":\"https:\\\/\\\/fatherheartfrance.com\\\/wp-content\\\/uploads\\\/2017\\\/06\\\/family-2112266_1280-1200x328-1.png\",\"width\":1200,\"height\":328,\"caption\":\"Groupe Discussion - Fatherheart France\"},{\"@type\":\"BreadcrumbList\",\"@id\":\"https:\\\/\\\/fatherheartfrance.com\\\/index.php\\\/nos-propositions\\\/reunion-hebdomadaire-dimanche-matin-a-saint-orens-de-gameville\\\/#breadcrumb\",\"itemListElement\":[{\"@type\":\"ListItem\",\"position\":1,\"name\":\"Accueil\",\"item\":\"https:\\\/\\\/fatherheartfrance.com\\\/\"},{\"@type\":\"ListItem\",\"position\":2,\"name\":\"Nos propositions\",\"item\":\"https:\\\/\\\/fatherheartfrance.com\\\/index.php\\\/nos-propositions\\\/\"},{\"@type\":\"ListItem\",\"position\":3,\"name\":\"R\u00e9union hebdomadaire &#8211; Dimanche matin \u00e0 L\u00e9on\"}]},{\"@type\":\"WebSite\",\"@id\":\"https:\\\/\\\/fatherheartfrance.com\\\/#website\",\"url\":\"https:\\\/\\\/fatherheartfrance.com\\\/\",\"name\":\"Fatherheart - France\",\"description\":\"Amour du P\u00e8re\",\"publisher\":{\"@id\":\"https:\\\/\\\/fatherheartfrance.com\\\/#organization\"},\"potentialAction\":[{\"@type\":\"SearchAction\",\"target\":{\"@type\":\"EntryPoint\",\"urlTemplate\":\"https:\\\/\\\/fatherheartfrance.com\\\/?s={search_term_string}\"},\"query-input\":{\"@type\":\"PropertyValueSpecification\",\"valueRequired\":true,\"valueName\":\"search_term_string\"}}],\"inLanguage\":\"fr-FR\"},{\"@type\":\"Organization\",\"@id\":\"https:\\\/\\\/fatherheartfrance.com\\\/#organization\",\"name\":\"fatherheartfrance\",\"url\":\"https:\\\/\\\/fatherheartfrance.com\\\/\",\"logo\":{\"@type\":\"ImageObject\",\"inLanguage\":\"fr-FR\",\"@id\":\"https:\\\/\\\/fatherheartfrance.com\\\/#\\\/schema\\\/logo\\\/image\\\/\",\"url\":\"https:\\\/\\\/fatherheartfrance.com\\\/wp-content\\\/uploads\\\/2017\\\/02\\\/logo-3-e1488034589841.png\",\"contentUrl\":\"https:\\\/\\\/fatherheartfrance.com\\\/wp-content\\\/uploads\\\/2017\\\/02\\\/logo-3-e1488034589841.png\",\"width\":300,\"height\":82,\"caption\":\"fatherheartfrance\"},\"image\":{\"@id\":\"https:\\\/\\\/fatherheartfrance.com\\\/#\\\/schema\\\/logo\\\/image\\\/\"},\"sameAs\":[\"https:\\\/\\\/www.facebook.com\\\/ContactFHF\\\/\"]}]}<\/script>\n<!-- \/ Yoast SEO plugin. -->","yoast_head_json":{"title":"R\u00e9union hebdomadaire - Dimanche matin \u00e0 L\u00e9on - Fatherheart - France","robots":{"index":"index","follow":"follow","max-snippet":"max-snippet:-1","max-image-preview":"max-image-preview:large","max-video-preview":"max-video-preview:-1"},"canonical":"https:\/\/fatherheartfrance.com\/index.php\/nos-propositions\/reunion-hebdomadaire-dimanche-matin-a-saint-orens-de-gameville\/","og_locale":"fr_FR","og_type":"article","og_title":"R\u00e9union hebdomadaire - Dimanche matin \u00e0 L\u00e9on - Fatherheart - France","og_description":"Nous aimerions vous inviter \u00e0 notre r\u00e9union les 1er et 3\u00e8me dimanche matin du mois, entre 10h et midi, route de la Nasse \u00e0 L\u00e9on. C\u2019est un temps pour ceux qui cherchent \u00e0 vivre et approfondir la r\u00e9v\u00e9lation de l&rsquo;Amour du P\u00e8re. Nous esp\u00e9rons que ces rencontres nous donneront l&rsquo;occasion de d\u00e9velopper des relations et Lire plus ...","og_url":"https:\/\/fatherheartfrance.com\/index.php\/nos-propositions\/reunion-hebdomadaire-dimanche-matin-a-saint-orens-de-gameville\/","og_site_name":"Fatherheart - France","article_publisher":"https:\/\/www.facebook.com\/ContactFHF\/","article_modified_time":"2025-11-05T15:15:43+00:00","og_image":[{"width":1200,"height":328,"url":"https:\/\/fatherheartfrance.com\/wp-content\/uploads\/2017\/06\/family-2112266_1280-1200x328-1.png","type":"image\/png"}],"twitter_card":"summary_large_image","twitter_misc":{"Dur\u00e9e de lecture estim\u00e9e":"1 minute"},"schema":{"@context":"https:\/\/schema.org","@graph":[{"@type":"WebPage","@id":"https:\/\/fatherheartfrance.com\/index.php\/nos-propositions\/reunion-hebdomadaire-dimanche-matin-a-saint-orens-de-gameville\/","url":"https:\/\/fatherheartfrance.com\/index.php\/nos-propositions\/reunion-hebdomadaire-dimanche-matin-a-saint-orens-de-gameville\/","name":"R\u00e9union hebdomadaire - Dimanche matin \u00e0 L\u00e9on - Fatherheart - France","isPartOf":{"@id":"https:\/\/fatherheartfrance.com\/#website"},"primaryImageOfPage":{"@id":"https:\/\/fatherheartfrance.com\/index.php\/nos-propositions\/reunion-hebdomadaire-dimanche-matin-a-saint-orens-de-gameville\/#primaryimage"},"image":{"@id":"https:\/\/fatherheartfrance.com\/index.php\/nos-propositions\/reunion-hebdomadaire-dimanche-matin-a-saint-orens-de-gameville\/#primaryimage"},"thumbnailUrl":"https:\/\/fatherheartfrance.com\/wp-content\/uploads\/2017\/06\/family-2112266_1280-1200x328-1.png","datePublished":"2017-06-02T19:29:10+00:00","dateModified":"2025-11-05T15:15:43+00:00","breadcrumb":{"@id":"https:\/\/fatherheartfrance.com\/index.php\/nos-propositions\/reunion-hebdomadaire-dimanche-matin-a-saint-orens-de-gameville\/#breadcrumb"},"inLanguage":"fr-FR","potentialAction":[{"@type":"ReadAction","target":["https:\/\/fatherheartfrance.com\/index.php\/nos-propositions\/reunion-hebdomadaire-dimanche-matin-a-saint-orens-de-gameville\/"]}]},{"@type":"ImageObject","inLanguage":"fr-FR","@id":"https:\/\/fatherheartfrance.com\/index.php\/nos-propositions\/reunion-hebdomadaire-dimanche-matin-a-saint-orens-de-gameville\/#primaryimage","url":"https:\/\/fatherheartfrance.com\/wp-content\/uploads\/2017\/06\/family-2112266_1280-1200x328-1.png","contentUrl":"https:\/\/fatherheartfrance.com\/wp-content\/uploads\/2017\/06\/family-2112266_1280-1200x328-1.png","width":1200,"height":328,"caption":"Groupe Discussion - Fatherheart France"},{"@type":"BreadcrumbList","@id":"https:\/\/fatherheartfrance.com\/index.php\/nos-propositions\/reunion-hebdomadaire-dimanche-matin-a-saint-orens-de-gameville\/#breadcrumb","itemListElement":[{"@type":"ListItem","position":1,"name":"Accueil","item":"https:\/\/fatherheartfrance.com\/"},{"@type":"ListItem","position":2,"name":"Nos propositions","item":"https:\/\/fatherheartfrance.com\/index.php\/nos-propositions\/"},{"@type":"ListItem","position":3,"name":"R\u00e9union hebdomadaire &#8211; Dimanche matin \u00e0 L\u00e9on"}]},{"@type":"WebSite","@id":"https:\/\/fatherheartfrance.com\/#website","url":"https:\/\/fatherheartfrance.com\/","name":"Fatherheart - France","description":"Amour du P\u00e8re","publisher":{"@id":"https:\/\/fatherheartfrance.com\/#organization"},"potentialAction":[{"@type":"SearchAction","target":{"@type":"EntryPoint","urlTemplate":"https:\/\/fatherheartfrance.com\/?s={search_term_string}"},"query-input":{"@type":"PropertyValueSpecification","valueRequired":true,"valueName":"search_term_string"}}],"inLanguage":"fr-FR"},{"@type":"Organization","@id":"https:\/\/fatherheartfrance.com\/#organization","name":"fatherheartfrance","url":"https:\/\/fatherheartfrance.com\/","logo":{"@type":"ImageObject","inLanguage":"fr-FR","@id":"https:\/\/fatherheartfrance.com\/#\/schema\/logo\/image\/","url":"https:\/\/fatherheartfrance.com\/wp-content\/uploads\/2017\/02\/logo-3-e1488034589841.png","contentUrl":"https:\/\/fatherheartfrance.com\/wp-content\/uploads\/2017\/02\/logo-3-e1488034589841.png","width":300,"height":82,"caption":"fatherheartfrance"},"image":{"@id":"https:\/\/fatherheartfrance.com\/#\/schema\/logo\/image\/"},"sameAs":["https:\/\/www.facebook.com\/ContactFHF\/"]}]}},"_links":{"self":[{"href":"https:\/\/fatherheartfrance.com\/index.php\/wp-json\/wp\/v2\/pages\/424","targetHints":{"allow":["GET"]}}],"collection":[{"href":"https:\/\/fatherheartfrance.com\/index.php\/wp-json\/wp\/v2\/pages"}],"about":[{"href":"https:\/\/fatherheartfrance.com\/index.php\/wp-json\/wp\/v2\/types\/page"}],"author":[{"embeddable":true,"href":"https:\/\/fatherheartfrance.com\/index.php\/wp-json\/wp\/v2\/users\/3"}],"replies":[{"embeddable":true,"href":"https:\/\/fatherheartfrance.com\/index.php\/wp-json\/wp\/v2\/comments?post=424"}],"version-history":[{"count":5,"href":"https:\/\/fatherheartfrance.com\/index.php\/wp-json\/wp\/v2\/pages\/424\/revisions"}],"predecessor-version":[{"id":2240,"href":"https:\/\/fatherheartfrance.com\/index.php\/wp-json\/wp\/v2\/pages\/424\/revisions\/2240"}],"up":[{"embeddable":true,"href":"https:\/\/fatherheartfrance.com\/index.php\/wp-json\/wp\/v2\/pages\/72"}],"wp:featuredmedia":[{"embeddable":true,"href":"https:\/\/fatherheartfrance.com\/index.php\/wp-json\/wp\/v2\/media\/463"}],"wp:attachment":[{"href":"https:\/\/fatherheartfrance.com\/index.php\/wp-json\/wp\/v2\/media?parent=424"}],"curies":[{"name":"wp","href":"https:\/\/api.w.org\/{rel}","templated":true}]}}