{"id":36,"date":"2017-01-03T15:16:36","date_gmt":"2017-01-03T14:16:36","guid":{"rendered":"http:\/\/127.0.0.1\/church\/wordpress\/?page_id=36"},"modified":"2025-11-05T16:23:03","modified_gmt":"2025-11-05T15:23:03","slug":"webcast","status":"publish","type":"page","link":"https:\/\/fatherheartfrance.com\/index.php\/nos-propositions\/webcast\/","title":{"rendered":"Webcast"},"content":{"rendered":"<h2 style=\"text-align: center;\">Rendez-vous en ligne le dimanche matin<\/h2>\n<p>Les 1er et 3\u00e8me dimanche matin du mois, venez sur <a href=\"https:\/\/us02web.zoom.us\/j\/950885009?pwd=ZHl3aU92WXdXY1RrakN2YTVHL0Vadz09\">ZOOM<\/a>\u00a0pour \u00e9couter le partage du matin, de 10h \u00e0 12h..<\/p>\n<p>Un moment privil\u00e9gi\u00e9 pour \u00e9tudier et entendre un message d&rsquo;Amour du P\u00e8re !<\/p>\n<p>Alors, si \u00e7a vous tente, n&rsquo;h\u00e9sitez pas&#8230; Cliquez sur <a href=\"https:\/\/us02web.zoom.us\/j\/950885009?pwd=ZHl3aU92WXdXY1RrakN2YTVHL0Vadz09\">le lien<\/a> !<br \/>\nEn cliquant dessus, vous pourrez aussi d\u00e9couvrir la date du prochain rendez-vous.<\/p>\n","protected":false},"excerpt":{"rendered":"<p>Rendez-vous en ligne le dimanche matin Les 1er et 3\u00e8me dimanche matin du mois, venez sur ZOOM\u00a0pour \u00e9couter le partage du matin, de 10h \u00e0 12h.. Un moment privil\u00e9gi\u00e9 pour \u00e9tudier et entendre un message d&rsquo;Amour du P\u00e8re ! Alors, si \u00e7a vous tente, n&rsquo;h\u00e9sitez pas&#8230; Cliquez sur le lien ! En cliquant dessus, vous <a class=\"more-link\" href=\"https:\/\/fatherheartfrance.com\/index.php\/nos-propositions\/webcast\/\">Lire plus &#8230;<\/a><\/p>\n","protected":false},"author":1,"featured_media":0,"parent":72,"menu_order":0,"comment_status":"closed","ping_status":"closed","template":"","meta":{"_crdt_document":"","_exactmetrics_skip_tracking":false,"_exactmetrics_sitenote_active":false,"_exactmetrics_sitenote_note":"","_exactmetrics_sitenote_category":0,"footnotes":""},"class_list":["post-36","page","type-page","status-publish","hentry"],"yoast_head":"<!-- This site is optimized with the Yoast SEO plugin v27.5 - https:\/\/yoast.com\/product\/yoast-seo-wordpress\/ -->\n<title>Webcast sur Glowbl - Partages les Samedi - Fatherheart France<\/title>\n<meta name=\"description\" content=\"Un Samedi sur 2, venez sur Glowbl pour \u00e9couter le partage du matin, de 9h \u00e0 10h. Un moment privil\u00e9gi\u00e9 pour \u00e9tudier et entendre un message d&#039;Amour du P\u00e8re.\" \/>\n<meta name=\"robots\" content=\"index, follow, max-snippet:-1, max-image-preview:large, max-video-preview:-1\" \/>\n<link rel=\"canonical\" href=\"https:\/\/fatherheartfrance.com\/index.php\/nos-propositions\/webcast\/\" \/>\n<meta property=\"og:locale\" content=\"fr_FR\" \/>\n<meta property=\"og:type\" content=\"article\" \/>\n<meta property=\"og:title\" content=\"Webcast sur Glowbl - Partages les Samedi - Fatherheart France\" \/>\n<meta property=\"og:description\" content=\"Un Samedi sur 2, venez sur Glowbl pour \u00e9couter le partage du matin, de 9h \u00e0 10h. Un moment privil\u00e9gi\u00e9 pour \u00e9tudier et entendre un message d&#039;Amour du P\u00e8re.\" \/>\n<meta property=\"og:url\" content=\"https:\/\/fatherheartfrance.com\/index.php\/nos-propositions\/webcast\/\" \/>\n<meta property=\"og:site_name\" content=\"Fatherheart - France\" \/>\n<meta property=\"article:publisher\" content=\"https:\/\/www.facebook.com\/ContactFHF\/\" \/>\n<meta property=\"article:modified_time\" content=\"2025-11-05T15:23:03+00:00\" \/>\n<meta name=\"twitter:card\" content=\"summary_large_image\" \/>\n<meta name=\"twitter:label1\" content=\"Dur\u00e9e de lecture estim\u00e9e\" \/>\n\t<meta name=\"twitter:data1\" content=\"1 minute\" \/>\n<script type=\"application\/ld+json\" class=\"yoast-schema-graph\">{\"@context\":\"https:\\\/\\\/schema.org\",\"@graph\":[{\"@type\":\"WebPage\",\"@id\":\"https:\\\/\\\/fatherheartfrance.com\\\/index.php\\\/nos-propositions\\\/webcast\\\/\",\"url\":\"https:\\\/\\\/fatherheartfrance.com\\\/index.php\\\/nos-propositions\\\/webcast\\\/\",\"name\":\"Webcast sur Glowbl - Partages les Samedi - Fatherheart France\",\"isPartOf\":{\"@id\":\"https:\\\/\\\/fatherheartfrance.com\\\/#website\"},\"datePublished\":\"2017-01-03T14:16:36+00:00\",\"dateModified\":\"2025-11-05T15:23:03+00:00\",\"description\":\"Un Samedi sur 2, venez sur Glowbl pour \u00e9couter le partage du matin, de 9h \u00e0 10h. Un moment privil\u00e9gi\u00e9 pour \u00e9tudier et entendre un message d'Amour du P\u00e8re.\",\"breadcrumb\":{\"@id\":\"https:\\\/\\\/fatherheartfrance.com\\\/index.php\\\/nos-propositions\\\/webcast\\\/#breadcrumb\"},\"inLanguage\":\"fr-FR\",\"potentialAction\":[{\"@type\":\"ReadAction\",\"target\":[\"https:\\\/\\\/fatherheartfrance.com\\\/index.php\\\/nos-propositions\\\/webcast\\\/\"]}]},{\"@type\":\"BreadcrumbList\",\"@id\":\"https:\\\/\\\/fatherheartfrance.com\\\/index.php\\\/nos-propositions\\\/webcast\\\/#breadcrumb\",\"itemListElement\":[{\"@type\":\"ListItem\",\"position\":1,\"name\":\"Accueil\",\"item\":\"https:\\\/\\\/fatherheartfrance.com\\\/\"},{\"@type\":\"ListItem\",\"position\":2,\"name\":\"Nos propositions\",\"item\":\"https:\\\/\\\/fatherheartfrance.com\\\/index.php\\\/nos-propositions\\\/\"},{\"@type\":\"ListItem\",\"position\":3,\"name\":\"Webcast\"}]},{\"@type\":\"WebSite\",\"@id\":\"https:\\\/\\\/fatherheartfrance.com\\\/#website\",\"url\":\"https:\\\/\\\/fatherheartfrance.com\\\/\",\"name\":\"Fatherheart - France\",\"description\":\"Amour du P\u00e8re\",\"publisher\":{\"@id\":\"https:\\\/\\\/fatherheartfrance.com\\\/#organization\"},\"potentialAction\":[{\"@type\":\"SearchAction\",\"target\":{\"@type\":\"EntryPoint\",\"urlTemplate\":\"https:\\\/\\\/fatherheartfrance.com\\\/?s={search_term_string}\"},\"query-input\":{\"@type\":\"PropertyValueSpecification\",\"valueRequired\":true,\"valueName\":\"search_term_string\"}}],\"inLanguage\":\"fr-FR\"},{\"@type\":\"Organization\",\"@id\":\"https:\\\/\\\/fatherheartfrance.com\\\/#organization\",\"name\":\"fatherheartfrance\",\"url\":\"https:\\\/\\\/fatherheartfrance.com\\\/\",\"logo\":{\"@type\":\"ImageObject\",\"inLanguage\":\"fr-FR\",\"@id\":\"https:\\\/\\\/fatherheartfrance.com\\\/#\\\/schema\\\/logo\\\/image\\\/\",\"url\":\"https:\\\/\\\/fatherheartfrance.com\\\/wp-content\\\/uploads\\\/2017\\\/02\\\/logo-3-e1488034589841.png\",\"contentUrl\":\"https:\\\/\\\/fatherheartfrance.com\\\/wp-content\\\/uploads\\\/2017\\\/02\\\/logo-3-e1488034589841.png\",\"width\":300,\"height\":82,\"caption\":\"fatherheartfrance\"},\"image\":{\"@id\":\"https:\\\/\\\/fatherheartfrance.com\\\/#\\\/schema\\\/logo\\\/image\\\/\"},\"sameAs\":[\"https:\\\/\\\/www.facebook.com\\\/ContactFHF\\\/\"]}]}<\/script>\n<!-- \/ Yoast SEO plugin. -->","yoast_head_json":{"title":"Webcast sur Glowbl - Partages les Samedi - Fatherheart France","description":"Un Samedi sur 2, venez sur Glowbl pour \u00e9couter le partage du matin, de 9h \u00e0 10h. Un moment privil\u00e9gi\u00e9 pour \u00e9tudier et entendre un message d'Amour du P\u00e8re.","robots":{"index":"index","follow":"follow","max-snippet":"max-snippet:-1","max-image-preview":"max-image-preview:large","max-video-preview":"max-video-preview:-1"},"canonical":"https:\/\/fatherheartfrance.com\/index.php\/nos-propositions\/webcast\/","og_locale":"fr_FR","og_type":"article","og_title":"Webcast sur Glowbl - Partages les Samedi - Fatherheart France","og_description":"Un Samedi sur 2, venez sur Glowbl pour \u00e9couter le partage du matin, de 9h \u00e0 10h. Un moment privil\u00e9gi\u00e9 pour \u00e9tudier et entendre un message d'Amour du P\u00e8re.","og_url":"https:\/\/fatherheartfrance.com\/index.php\/nos-propositions\/webcast\/","og_site_name":"Fatherheart - France","article_publisher":"https:\/\/www.facebook.com\/ContactFHF\/","article_modified_time":"2025-11-05T15:23:03+00:00","twitter_card":"summary_large_image","twitter_misc":{"Dur\u00e9e de lecture estim\u00e9e":"1 minute"},"schema":{"@context":"https:\/\/schema.org","@graph":[{"@type":"WebPage","@id":"https:\/\/fatherheartfrance.com\/index.php\/nos-propositions\/webcast\/","url":"https:\/\/fatherheartfrance.com\/index.php\/nos-propositions\/webcast\/","name":"Webcast sur Glowbl - Partages les Samedi - Fatherheart France","isPartOf":{"@id":"https:\/\/fatherheartfrance.com\/#website"},"datePublished":"2017-01-03T14:16:36+00:00","dateModified":"2025-11-05T15:23:03+00:00","description":"Un Samedi sur 2, venez sur Glowbl pour \u00e9couter le partage du matin, de 9h \u00e0 10h. Un moment privil\u00e9gi\u00e9 pour \u00e9tudier et entendre un message d'Amour du P\u00e8re.","breadcrumb":{"@id":"https:\/\/fatherheartfrance.com\/index.php\/nos-propositions\/webcast\/#breadcrumb"},"inLanguage":"fr-FR","potentialAction":[{"@type":"ReadAction","target":["https:\/\/fatherheartfrance.com\/index.php\/nos-propositions\/webcast\/"]}]},{"@type":"BreadcrumbList","@id":"https:\/\/fatherheartfrance.com\/index.php\/nos-propositions\/webcast\/#breadcrumb","itemListElement":[{"@type":"ListItem","position":1,"name":"Accueil","item":"https:\/\/fatherheartfrance.com\/"},{"@type":"ListItem","position":2,"name":"Nos propositions","item":"https:\/\/fatherheartfrance.com\/index.php\/nos-propositions\/"},{"@type":"ListItem","position":3,"name":"Webcast"}]},{"@type":"WebSite","@id":"https:\/\/fatherheartfrance.com\/#website","url":"https:\/\/fatherheartfrance.com\/","name":"Fatherheart - France","description":"Amour du P\u00e8re","publisher":{"@id":"https:\/\/fatherheartfrance.com\/#organization"},"potentialAction":[{"@type":"SearchAction","target":{"@type":"EntryPoint","urlTemplate":"https:\/\/fatherheartfrance.com\/?s={search_term_string}"},"query-input":{"@type":"PropertyValueSpecification","valueRequired":true,"valueName":"search_term_string"}}],"inLanguage":"fr-FR"},{"@type":"Organization","@id":"https:\/\/fatherheartfrance.com\/#organization","name":"fatherheartfrance","url":"https:\/\/fatherheartfrance.com\/","logo":{"@type":"ImageObject","inLanguage":"fr-FR","@id":"https:\/\/fatherheartfrance.com\/#\/schema\/logo\/image\/","url":"https:\/\/fatherheartfrance.com\/wp-content\/uploads\/2017\/02\/logo-3-e1488034589841.png","contentUrl":"https:\/\/fatherheartfrance.com\/wp-content\/uploads\/2017\/02\/logo-3-e1488034589841.png","width":300,"height":82,"caption":"fatherheartfrance"},"image":{"@id":"https:\/\/fatherheartfrance.com\/#\/schema\/logo\/image\/"},"sameAs":["https:\/\/www.facebook.com\/ContactFHF\/"]}]}},"_links":{"self":[{"href":"https:\/\/fatherheartfrance.com\/index.php\/wp-json\/wp\/v2\/pages\/36","targetHints":{"allow":["GET"]}}],"collection":[{"href":"https:\/\/fatherheartfrance.com\/index.php\/wp-json\/wp\/v2\/pages"}],"about":[{"href":"https:\/\/fatherheartfrance.com\/index.php\/wp-json\/wp\/v2\/types\/page"}],"author":[{"embeddable":true,"href":"https:\/\/fatherheartfrance.com\/index.php\/wp-json\/wp\/v2\/users\/1"}],"replies":[{"embeddable":true,"href":"https:\/\/fatherheartfrance.com\/index.php\/wp-json\/wp\/v2\/comments?post=36"}],"version-history":[{"count":5,"href":"https:\/\/fatherheartfrance.com\/index.php\/wp-json\/wp\/v2\/pages\/36\/revisions"}],"predecessor-version":[{"id":2242,"href":"https:\/\/fatherheartfrance.com\/index.php\/wp-json\/wp\/v2\/pages\/36\/revisions\/2242"}],"up":[{"embeddable":true,"href":"https:\/\/fatherheartfrance.com\/index.php\/wp-json\/wp\/v2\/pages\/72"}],"wp:attachment":[{"href":"https:\/\/fatherheartfrance.com\/index.php\/wp-json\/wp\/v2\/media?parent=36"}],"curies":[{"name":"wp","href":"https:\/\/api.w.org\/{rel}","templated":true}]}}